{"id":175320,"date":"2024-10-17T10:27:14","date_gmt":"2024-10-17T08:27:14","guid":{"rendered":"https:\/\/pgwear.net\/p\/ss25-kurtka-softshell-risk-navy\/"},"modified":"2026-03-06T12:15:35","modified_gmt":"2026-03-06T11:15:35","slug":"kurtka-softshell-risk-navy","status":"publish","type":"product","link":"https:\/\/pgwear.net\/pl\/p\/kurtka-softshell-risk-navy\/","title":{"rendered":"Kurtka Softshell &#8220;Risk&#8221; Navy"},"content":{"rendered":"<p>Kurtka typu softshell to \u015bwietna opcja na ch\u0142odniejsze letnie dni na ulicy lub na stadionie. Jest ozdobiona minimalistycznymi logami PGWEAR, co czyni j\u0105 \u015bwietnym elementem codziennej garderoby. Kurtka ma r\u00f3wnie\u017c wszyt\u0105 wewn\u0105trz kaptura kominiark\u0119, aby zachowa\u0107 bezpiecze\u0144stwo i anonimowo\u015b\u0107 przed kamerami CCTV lub ACAB na trybunach. Wybierz jeden z dw\u00f3ch dost\u0119pnych kolor\u00f3w!<\/p>\n","protected":false},"excerpt":{"rendered":"<p>Kurtka typu softshell to \u015bwietna opcja na ch\u0142odniejsze letnie dni na ulicy lub na stadionie. Jest ozdobiona minimalistycznymi logami PGWEAR, co czyni j\u0105 \u015bwietnym elementem codziennej garderoby.<\/p>\n","protected":false},"featured_media":196002,"template":"","meta":{"_acf_changed":false},"product_brand":[],"product_cat":[366,376,3485],"product_tag":[3277,3417],"class_list":{"0":"post-175320","1":"product","2":"type-product","3":"status-publish","4":"has-post-thumbnail","6":"product_cat-kurtki","7":"product_cat-nowosci","8":"product_cat-softshelle","9":"product_tag-ostatnie-sztuki","10":"product_tag-wiosna-lato-2025","11":"pa_gramatura-200-gr-m2","12":"pa_kolekcja-wiosna-lato-2025","13":"pa_kolor-granatowy","14":"pa_kroj-klasyczny","15":"pa_material-100-poliester","16":"pa_nadruk-logo-drytex-z-tylu","17":"pa_nadruk-odblaskowy-na-prawej-lopatce","18":"pa_rozmiar-l-en","19":"pa_rozmiar-l-de","20":"pa_rozmiar-l","21":"pa_rozmiar-m-en-2","22":"pa_rozmiar-m","23":"pa_rozmiar-m-de-2","24":"pa_rozmiar-s-de","25":"pa_rozmiar-s","26":"pa_rozmiar-s-en","27":"pa_rozmiar-xl-de","28":"pa_rozmiar-xl-en","29":"pa_rozmiar-xl","30":"pa_rozmiar-xxl-en","31":"pa_rozmiar-xxl","32":"pa_rozmiar-xxl-de","33":"pa_rozmiar-xxxl","34":"pa_rozmiar-xxxl-en","35":"pa_rozmiar-xxxl-de","36":"feature-wbudowana-kominiarka","37":"feature-wodoodporny","39":"first","40":"outofstock","41":"taxable","42":"shipping-taxable","43":"product-type-variable"},"acf":[],"_links":{"self":[{"href":"https:\/\/pgwear.net\/pl\/wp-json\/wp\/v2\/product\/175320","targetHints":{"allow":["GET"]}}],"collection":[{"href":"https:\/\/pgwear.net\/pl\/wp-json\/wp\/v2\/product"}],"about":[{"href":"https:\/\/pgwear.net\/pl\/wp-json\/wp\/v2\/types\/product"}],"wp:featuredmedia":[{"embeddable":true,"href":"https:\/\/pgwear.net\/pl\/wp-json\/wp\/v2\/media\/196002"}],"wp:attachment":[{"href":"https:\/\/pgwear.net\/pl\/wp-json\/wp\/v2\/media?parent=175320"}],"wp:term":[{"taxonomy":"product_brand","embeddable":true,"href":"https:\/\/pgwear.net\/pl\/wp-json\/wp\/v2\/product_brand?post=175320"},{"taxonomy":"product_cat","embeddable":true,"href":"https:\/\/pgwear.net\/pl\/wp-json\/wp\/v2\/product_cat?post=175320"},{"taxonomy":"product_tag","embeddable":true,"href":"https:\/\/pgwear.net\/pl\/wp-json\/wp\/v2\/product_tag?post=175320"}],"curies":[{"name":"wp","href":"https:\/\/api.w.org\/{rel}","templated":true}]}}