{"id":175334,"date":"2024-10-17T10:27:18","date_gmt":"2024-10-17T08:27:18","guid":{"rendered":"https:\/\/pgwear.net\/p\/ss25-kurtka-z-kominiarka-challenge-black\/"},"modified":"2026-03-06T12:15:36","modified_gmt":"2026-03-06T11:15:36","slug":"kurtka-z-kominiarka-challenge-black","status":"publish","type":"product","link":"https:\/\/pgwear.net\/pl\/p\/kurtka-z-kominiarka-challenge-black\/","title":{"rendered":"Kurtka z kominiark\u0105 &#8220;Challenge&#8221; Black"},"content":{"rendered":"<p>Unikalny i dobrze znany element garderoby od PGWEAR!  Idealny dla ka\u017cdego, od zwyk\u0142ego go\u015bcia stadionu po zagorza\u0142ego fana pi\u0142ki no\u017cnej i ultrasa! Ta kurtka nie tylko zapewni Ci ciep\u0142o w ch\u0142odniejsze lub deszczowe dni na trybunach, ale tak\u017ce ukryje Twoj\u0105 twarz przed acab i CCTV dzi\u0119ki kominiarce wszytej w ko\u0142nierz!<\/p>\n","protected":false},"excerpt":{"rendered":"<p>Unikalny i dobrze znany element garderoby od PGWEAR!  Idealny dla ka\u017cdego, od zwyk\u0142ego go\u015bcia stadionu po zagorza\u0142ego fana pi\u0142ki no\u017cnej i ultrasa!<\/p>\n","protected":false},"featured_media":195935,"template":"","meta":{"_acf_changed":false},"product_brand":[],"product_cat":[366,3484,376],"product_tag":[3277,3417],"class_list":{"0":"post-175334","1":"product","2":"type-product","3":"status-publish","4":"has-post-thumbnail","6":"product_cat-kurtki","7":"product_cat-kurtki-przejsciowe","8":"product_cat-nowosci","9":"product_tag-ostatnie-sztuki","10":"product_tag-wiosna-lato-2025","11":"pa_gramatura-100-gr-m2","12":"pa_kolekcja-wiosna-lato-2025","13":"pa_kolor-czarny","14":"pa_kroj-klasyczny","15":"pa_material-100-poliester","16":"pa_nadruk-odblaskowy-na-prawej-lopatce","17":"pa_rozmiar-l","18":"pa_rozmiar-l-en","19":"pa_rozmiar-l-de","20":"pa_rozmiar-m-de-2","21":"pa_rozmiar-m-en-2","22":"pa_rozmiar-m","23":"pa_rozmiar-s-en","24":"pa_rozmiar-s-de","25":"pa_rozmiar-s","26":"pa_rozmiar-xl","27":"pa_rozmiar-xl-de","28":"pa_rozmiar-xl-en","29":"pa_rozmiar-xxl-de","30":"pa_rozmiar-xxl-en","31":"pa_rozmiar-xxl","32":"pa_rozmiar-xxxl-en","33":"pa_rozmiar-xxxl-de","34":"pa_rozmiar-xxxl","35":"feature-wbudowana-maska","36":"feature-wodoodporny","38":"first","39":"outofstock","40":"taxable","41":"shipping-taxable","42":"product-type-variable"},"acf":[],"_links":{"self":[{"href":"https:\/\/pgwear.net\/pl\/wp-json\/wp\/v2\/product\/175334","targetHints":{"allow":["GET"]}}],"collection":[{"href":"https:\/\/pgwear.net\/pl\/wp-json\/wp\/v2\/product"}],"about":[{"href":"https:\/\/pgwear.net\/pl\/wp-json\/wp\/v2\/types\/product"}],"wp:featuredmedia":[{"embeddable":true,"href":"https:\/\/pgwear.net\/pl\/wp-json\/wp\/v2\/media\/195935"}],"wp:attachment":[{"href":"https:\/\/pgwear.net\/pl\/wp-json\/wp\/v2\/media?parent=175334"}],"wp:term":[{"taxonomy":"product_brand","embeddable":true,"href":"https:\/\/pgwear.net\/pl\/wp-json\/wp\/v2\/product_brand?post=175334"},{"taxonomy":"product_cat","embeddable":true,"href":"https:\/\/pgwear.net\/pl\/wp-json\/wp\/v2\/product_cat?post=175334"},{"taxonomy":"product_tag","embeddable":true,"href":"https:\/\/pgwear.net\/pl\/wp-json\/wp\/v2\/product_tag?post=175334"}],"curies":[{"name":"wp","href":"https:\/\/api.w.org\/{rel}","templated":true}]}}