{"id":18643,"date":"2022-05-10T08:52:47","date_gmt":"2022-05-10T06:52:47","guid":{"rendered":"https:\/\/dev.pgwear.net\/p\/aw20-kominiarka-poliestrowa-sg\/"},"modified":"2026-04-20T14:21:19","modified_gmt":"2026-04-20T12:21:19","slug":"kominiarka-poliestrowa-czarny-zolty-czarny","status":"publish","type":"product","link":"https:\/\/pgwear.net\/pl\/p\/kominiarka-poliestrowa-czarny-zolty-czarny\/","title":{"rendered":"Kominiarka Poliestrowa Czarny\/\u017b\u00f3\u0142ty\/Czarny"},"content":{"rendered":"<p>Uniknij zakazu stadionowego dzi\u0119ki <a href=\"https:\/\/pgwear.net\/pl\/c\/kominiarki\/\">kominiarce<\/a>! Pozosta\u0144 anonimowy przed policja, kamerami oraz wrogami, zar\u00f3wno na ulicy jak i na stadionie!<\/p>\n","protected":false},"excerpt":{"rendered":"<p>Pozosta\u0144 anonimowy przed policja, kamerami oraz wrogami, zar\u00f3wno na ulicy jak i na stadionie!<\/p>\n","protected":false},"featured_media":18880,"template":"","meta":{"_acf_changed":false},"product_brand":[],"product_cat":[370,3512],"product_tag":[],"class_list":{"0":"post-18643","1":"product","2":"type-product","3":"status-publish","4":"has-post-thumbnail","6":"product_cat-kominiarki","7":"product_cat-komiarki","8":"pa_kolor-zolty-czarny","9":"pa_material-100-poliester","11":"first","12":"instock","13":"taxable","14":"shipping-taxable","15":"purchasable","16":"product-type-simple"},"acf":[],"_links":{"self":[{"href":"https:\/\/pgwear.net\/pl\/wp-json\/wp\/v2\/product\/18643","targetHints":{"allow":["GET"]}}],"collection":[{"href":"https:\/\/pgwear.net\/pl\/wp-json\/wp\/v2\/product"}],"about":[{"href":"https:\/\/pgwear.net\/pl\/wp-json\/wp\/v2\/types\/product"}],"wp:featuredmedia":[{"embeddable":true,"href":"https:\/\/pgwear.net\/pl\/wp-json\/wp\/v2\/media\/18880"}],"wp:attachment":[{"href":"https:\/\/pgwear.net\/pl\/wp-json\/wp\/v2\/media?parent=18643"}],"wp:term":[{"taxonomy":"product_brand","embeddable":true,"href":"https:\/\/pgwear.net\/pl\/wp-json\/wp\/v2\/product_brand?post=18643"},{"taxonomy":"product_cat","embeddable":true,"href":"https:\/\/pgwear.net\/pl\/wp-json\/wp\/v2\/product_cat?post=18643"},{"taxonomy":"product_tag","embeddable":true,"href":"https:\/\/pgwear.net\/pl\/wp-json\/wp\/v2\/product_tag?post=18643"}],"curies":[{"name":"wp","href":"https:\/\/api.w.org\/{rel}","templated":true}]}}