{"id":18649,"date":"2022-05-10T08:52:48","date_gmt":"2022-05-10T06:52:48","guid":{"rendered":"https:\/\/dev.pgwear.net\/p\/kominiarka-022\/"},"modified":"2026-04-04T14:47:13","modified_gmt":"2026-04-04T12:47:13","slug":"kominiarka-stripe-bialy-zielony","status":"publish","type":"product","link":"https:\/\/pgwear.net\/pl\/p\/kominiarka-stripe-bialy-zielony\/","title":{"rendered":"Kominiarka Stripe Bia\u0142y\/Zielony"},"content":{"rendered":"<p>Uniknij zakazu stadionowego dzi\u0119ki kominiarce! Pozosta\u0144 anonimowy przed policja, kamerami oraz wrogami, zar\u00f3wno na ulicy jak i na stadionie!<\/p>\n","protected":false},"excerpt":{"rendered":"<p>Pozosta\u0144 anonimowy przed policja, kamerami oraz wrogami, zar\u00f3wno na ulicy jak i na stadionie!<\/p>\n","protected":false},"featured_media":18979,"template":"","meta":{"_acf_changed":false},"product_brand":[],"product_cat":[370,3512,376],"product_tag":[],"class_list":{"0":"post-18649","1":"product","2":"type-product","3":"status-publish","4":"has-post-thumbnail","6":"product_cat-kominiarki","7":"product_cat-komiarki","8":"product_cat-nowosci","9":"pa_gramatura-180-gr-m2","10":"pa_kolor-bialy-zielony","11":"pa_material-4-lycra","12":"pa_material-96-bawelna","14":"first","15":"instock","16":"taxable","17":"shipping-taxable","18":"purchasable","19":"product-type-simple"},"acf":[],"_links":{"self":[{"href":"https:\/\/pgwear.net\/pl\/wp-json\/wp\/v2\/product\/18649","targetHints":{"allow":["GET"]}}],"collection":[{"href":"https:\/\/pgwear.net\/pl\/wp-json\/wp\/v2\/product"}],"about":[{"href":"https:\/\/pgwear.net\/pl\/wp-json\/wp\/v2\/types\/product"}],"wp:featuredmedia":[{"embeddable":true,"href":"https:\/\/pgwear.net\/pl\/wp-json\/wp\/v2\/media\/18979"}],"wp:attachment":[{"href":"https:\/\/pgwear.net\/pl\/wp-json\/wp\/v2\/media?parent=18649"}],"wp:term":[{"taxonomy":"product_brand","embeddable":true,"href":"https:\/\/pgwear.net\/pl\/wp-json\/wp\/v2\/product_brand?post=18649"},{"taxonomy":"product_cat","embeddable":true,"href":"https:\/\/pgwear.net\/pl\/wp-json\/wp\/v2\/product_cat?post=18649"},{"taxonomy":"product_tag","embeddable":true,"href":"https:\/\/pgwear.net\/pl\/wp-json\/wp\/v2\/product_tag?post=18649"}],"curies":[{"name":"wp","href":"https:\/\/api.w.org\/{rel}","templated":true}]}}