{"id":18651,"date":"2022-05-10T08:52:49","date_gmt":"2022-05-10T06:52:49","guid":{"rendered":"https:\/\/dev.pgwear.net\/p\/blind-box-accessories\/"},"modified":"2026-03-06T11:54:03","modified_gmt":"2026-03-06T10:54:03","slug":"blind-box-accessories","status":"publish","type":"product","link":"https:\/\/pgwear.net\/pl\/p\/blind-box-accessories\/","title":{"rendered":"BLIND BOX &#8220;AKCESORIA&#8221;"},"content":{"rendered":"<p>Blind Box Akcesoria \u2013 kup akcesoria warte 460 PLN, zap\u0142a\u0107 298,77PLN, oszcz\u0119d\u017a 161,23 PLN<\/p>\n","protected":false},"excerpt":{"rendered":"<p>Blind Box Akcesoria \u2013 kup akcesoria warte 460 PLN, zap\u0142a\u0107 298,77PLN, oszcz\u0119d\u017a 161,23 PLN<\/p>\n","protected":false},"featured_media":19255,"template":"","meta":{"_acf_changed":false},"product_brand":[],"product_cat":[375],"product_tag":[],"class_list":{"0":"post-18651","1":"product","2":"type-product","3":"status-publish","4":"has-post-thumbnail","6":"product_cat-akcesoria","8":"first","9":"instock","10":"sale","11":"taxable","12":"shipping-taxable","13":"purchasable","14":"product-type-simple"},"acf":[],"_links":{"self":[{"href":"https:\/\/pgwear.net\/pl\/wp-json\/wp\/v2\/product\/18651","targetHints":{"allow":["GET"]}}],"collection":[{"href":"https:\/\/pgwear.net\/pl\/wp-json\/wp\/v2\/product"}],"about":[{"href":"https:\/\/pgwear.net\/pl\/wp-json\/wp\/v2\/types\/product"}],"wp:featuredmedia":[{"embeddable":true,"href":"https:\/\/pgwear.net\/pl\/wp-json\/wp\/v2\/media\/19255"}],"wp:attachment":[{"href":"https:\/\/pgwear.net\/pl\/wp-json\/wp\/v2\/media?parent=18651"}],"wp:term":[{"taxonomy":"product_brand","embeddable":true,"href":"https:\/\/pgwear.net\/pl\/wp-json\/wp\/v2\/product_brand?post=18651"},{"taxonomy":"product_cat","embeddable":true,"href":"https:\/\/pgwear.net\/pl\/wp-json\/wp\/v2\/product_cat?post=18651"},{"taxonomy":"product_tag","embeddable":true,"href":"https:\/\/pgwear.net\/pl\/wp-json\/wp\/v2\/product_tag?post=18651"}],"curies":[{"name":"wp","href":"https:\/\/api.w.org\/{rel}","templated":true}]}}