{"id":18697,"date":"2022-05-10T08:53:08","date_gmt":"2022-05-10T06:53:08","guid":{"rendered":"https:\/\/dev.pgwear.net\/p\/bb22-blind-box-t-shirt\/"},"modified":"2026-03-24T12:07:22","modified_gmt":"2026-03-24T11:07:22","slug":"bb22-blind-box-t-shirt","status":"publish","type":"product","link":"https:\/\/pgwear.net\/pl\/p\/bb22-blind-box-t-shirt\/","title":{"rendered":"BLIND BOX &#8220;T-SHIRT&#8221;"},"content":{"rendered":"<p>Blind Box 1 T-shirt \u2013 kup koszulk\u0119 za 114,77 PLN i oszcz\u0119d\u017a nawet 82,80 PLN!<\/p>\n","protected":false},"excerpt":{"rendered":"<p>Blind Box 1 T-shirt \u2013 kup koszulk\u0119 za 114,77 PLN i oszcz\u0119d\u017a nawet 82,80 PLN!<\/p>\n","protected":false},"featured_media":19261,"template":"","meta":{"_acf_changed":false},"product_brand":[],"product_cat":[3498],"product_tag":[1478],"class_list":{"0":"post-18697","1":"product","2":"type-product","3":"status-publish","4":"has-post-thumbnail","6":"product_cat-blind-box-3","7":"product_tag-blind-boxy","8":"pa_rozmiar-l","9":"pa_rozmiar-m","10":"pa_rozmiar-s","11":"pa_rozmiar-xl","12":"pa_rozmiar-xxl","13":"pa_rozmiar-xxxl","15":"first","16":"instock","17":"sale","18":"taxable","19":"shipping-taxable","20":"purchasable","21":"product-type-variable"},"acf":[],"_links":{"self":[{"href":"https:\/\/pgwear.net\/pl\/wp-json\/wp\/v2\/product\/18697","targetHints":{"allow":["GET"]}}],"collection":[{"href":"https:\/\/pgwear.net\/pl\/wp-json\/wp\/v2\/product"}],"about":[{"href":"https:\/\/pgwear.net\/pl\/wp-json\/wp\/v2\/types\/product"}],"wp:featuredmedia":[{"embeddable":true,"href":"https:\/\/pgwear.net\/pl\/wp-json\/wp\/v2\/media\/19261"}],"wp:attachment":[{"href":"https:\/\/pgwear.net\/pl\/wp-json\/wp\/v2\/media?parent=18697"}],"wp:term":[{"taxonomy":"product_brand","embeddable":true,"href":"https:\/\/pgwear.net\/pl\/wp-json\/wp\/v2\/product_brand?post=18697"},{"taxonomy":"product_cat","embeddable":true,"href":"https:\/\/pgwear.net\/pl\/wp-json\/wp\/v2\/product_cat?post=18697"},{"taxonomy":"product_tag","embeddable":true,"href":"https:\/\/pgwear.net\/pl\/wp-json\/wp\/v2\/product_tag?post=18697"}],"curies":[{"name":"wp","href":"https:\/\/api.w.org\/{rel}","templated":true}]}}