{"id":18739,"date":"2022-05-10T08:53:11","date_gmt":"2022-05-10T06:53:11","guid":{"rendered":"https:\/\/dev.pgwear.net\/p\/bb22-blind-box-hoodie\/"},"modified":"2026-03-06T12:07:36","modified_gmt":"2026-03-06T11:07:36","slug":"bb22-blind-box-hoodie","status":"publish","type":"product","link":"https:\/\/pgwear.net\/pl\/p\/bb22-blind-box-hoodie\/","title":{"rendered":"BLIND BOX &#8220;HOODIE&#8221;"},"content":{"rendered":"<p>BLIND BOX Bluza z kapturem \u2013 kup bluz\u0119 z kapturem za 321,77 PLN i oszcz\u0119d\u017a nawet 138 PLN!<\/p>\n","protected":false},"excerpt":{"rendered":"<p>BLIND BOX Bluza z kapturem \u2013 kup bluz\u0119 z kapturem za 321,77 PLN i oszcz\u0119d\u017a nawet 138 PLN!<\/p>\n","protected":false},"featured_media":19383,"template":"","meta":{"_acf_changed":false},"product_brand":[],"product_cat":[371],"product_tag":[1478],"class_list":{"0":"post-18739","1":"product","2":"type-product","3":"status-publish","4":"has-post-thumbnail","6":"product_cat-bluzy","7":"product_tag-blind-boxy","8":"pa_rozmiar-l","9":"pa_rozmiar-m","10":"pa_rozmiar-s","11":"pa_rozmiar-xl","12":"pa_rozmiar-xxl","13":"pa_rozmiar-xxxl","15":"first","16":"instock","17":"sale","18":"taxable","19":"shipping-taxable","20":"purchasable","21":"product-type-variable"},"acf":[],"_links":{"self":[{"href":"https:\/\/pgwear.net\/pl\/wp-json\/wp\/v2\/product\/18739","targetHints":{"allow":["GET"]}}],"collection":[{"href":"https:\/\/pgwear.net\/pl\/wp-json\/wp\/v2\/product"}],"about":[{"href":"https:\/\/pgwear.net\/pl\/wp-json\/wp\/v2\/types\/product"}],"wp:featuredmedia":[{"embeddable":true,"href":"https:\/\/pgwear.net\/pl\/wp-json\/wp\/v2\/media\/19383"}],"wp:attachment":[{"href":"https:\/\/pgwear.net\/pl\/wp-json\/wp\/v2\/media?parent=18739"}],"wp:term":[{"taxonomy":"product_brand","embeddable":true,"href":"https:\/\/pgwear.net\/pl\/wp-json\/wp\/v2\/product_brand?post=18739"},{"taxonomy":"product_cat","embeddable":true,"href":"https:\/\/pgwear.net\/pl\/wp-json\/wp\/v2\/product_cat?post=18739"},{"taxonomy":"product_tag","embeddable":true,"href":"https:\/\/pgwear.net\/pl\/wp-json\/wp\/v2\/product_tag?post=18739"}],"curies":[{"name":"wp","href":"https:\/\/api.w.org\/{rel}","templated":true}]}}