{"id":18753,"date":"2022-05-10T08:53:12","date_gmt":"2022-05-10T06:53:12","guid":{"rendered":"https:\/\/dev.pgwear.net\/p\/bb22-blind-box-big-mix\/"},"modified":"2026-03-31T11:07:31","modified_gmt":"2026-03-31T09:07:31","slug":"bb22-blind-box-big-mix","status":"publish","type":"product","link":"https:\/\/pgwear.net\/pl\/p\/bb22-blind-box-big-mix\/","title":{"rendered":"BLIND BOX &#8220;BIG MIX&#8221;"},"content":{"rendered":"<p>Blind Box BigMix &#8211; kup zestaw wart 1380 PLN, zap\u0142a\u0107 919,77 PLN, oszcz\u0119d\u017a 460,23 PLN! Kupuj\u0105c ten zestaw otrzymujesz minimum: 1 kurtk\u0119, 1 bluz\u0119, 1 T-shirt! Kupuj\u0105c BLIND BOX \u2013 BIG MIX masz gwarancj\u0119, \u017ce otrzymasz: kurtk\u0119, bluz\u0119 z kapturem, sweatshirt, T-shirt oraz akcesoria o \u0142\u0105cznej warto\u015bci min. 1380 PLN.<\/p>\n","protected":false},"excerpt":{"rendered":"<p>Blind Box BigMix &#8211; kup zestaw wart 1380 PLN, zap\u0142a\u0107 919,77 PLN, oszcz\u0119d\u017a 460,23 PLN! Kupuj\u0105c ten zestaw otrzymujesz minimum: 1 kurtk\u0119, 1 bluz\u0119, 1 T-shirt! Kupuj\u0105c BLIND BOX \u2013 BIG MIX masz gwarancj\u0119, \u017ce otrzymasz: kurtk\u0119, bluz\u0119 z kapturem, sweatshirt, T-shirt oraz akcesoria o \u0142\u0105cznej warto\u015bci min. 1380 PLN.<\/p>\n","protected":false},"featured_media":19328,"template":"","meta":{"_acf_changed":false},"product_brand":[],"product_cat":[3495,3498,3527,3489],"product_tag":[1478],"class_list":{"0":"post-18753","1":"product","2":"type-product","3":"status-publish","4":"has-post-thumbnail","6":"product_cat-blind-box-2","7":"product_cat-blind-box-3","8":"product_cat-blind-box-4","9":"product_cat-blind-box","10":"product_tag-blind-boxy","11":"pa_rozmiar-l","12":"pa_rozmiar-m","13":"pa_rozmiar-s","14":"pa_rozmiar-xl","15":"pa_rozmiar-xxl","16":"pa_rozmiar-xxxl","18":"first","19":"instock","20":"sale","21":"taxable","22":"shipping-taxable","23":"purchasable","24":"product-type-variable"},"acf":[],"_links":{"self":[{"href":"https:\/\/pgwear.net\/pl\/wp-json\/wp\/v2\/product\/18753","targetHints":{"allow":["GET"]}}],"collection":[{"href":"https:\/\/pgwear.net\/pl\/wp-json\/wp\/v2\/product"}],"about":[{"href":"https:\/\/pgwear.net\/pl\/wp-json\/wp\/v2\/types\/product"}],"wp:featuredmedia":[{"embeddable":true,"href":"https:\/\/pgwear.net\/pl\/wp-json\/wp\/v2\/media\/19328"}],"wp:attachment":[{"href":"https:\/\/pgwear.net\/pl\/wp-json\/wp\/v2\/media?parent=18753"}],"wp:term":[{"taxonomy":"product_brand","embeddable":true,"href":"https:\/\/pgwear.net\/pl\/wp-json\/wp\/v2\/product_brand?post=18753"},{"taxonomy":"product_cat","embeddable":true,"href":"https:\/\/pgwear.net\/pl\/wp-json\/wp\/v2\/product_cat?post=18753"},{"taxonomy":"product_tag","embeddable":true,"href":"https:\/\/pgwear.net\/pl\/wp-json\/wp\/v2\/product_tag?post=18753"}],"curies":[{"name":"wp","href":"https:\/\/api.w.org\/{rel}","templated":true}]}}