{"id":191911,"date":"2024-12-19T13:14:19","date_gmt":"2024-12-19T12:14:19","guid":{"rendered":"https:\/\/pgwear.net\/p\/ss24-bluza-z-kominiarka-frontliner-czarna\/"},"modified":"2026-03-06T12:13:54","modified_gmt":"2026-03-06T11:13:54","slug":"bluza-z-kominiarka-frontliner-czarna","status":"publish","type":"product","link":"https:\/\/pgwear.net\/pl\/p\/bluza-z-kominiarka-frontliner-czarna\/","title":{"rendered":"Bluza z kominiark\u0105 &#8220;Frontliner&#8221; Czarna"},"content":{"rendered":"<p>Legendarna <a href=\"https:\/\/pgwear.net\/pl\/c\/bluzy\/\">bluza<\/a> od PGWEAR <a href=\"https:\/\/pgwear.net\/pl\/feature\/wbudowana-kominiarka\/\">z wszyt\u0105 kominiark\u0105<\/a> i <a href=\"https:\/\/pgwear.net\/pl\/feature\/duza-kieszen\/\">pojemn\u0105 kieszeni\u0105 kangurk\u0105 z przodu<\/a>. Wykonana z najwy\u017cszej jako\u015bci materia\u0142\u00f3w z dba\u0142o\u015bci\u0105 o ka\u017cdy szczeg\u00f3\u0142y! Niewa\u017cne gdzie jeste\u015b, w domu czy w podr\u00f3\u017cy, ten produkt chroni przed policj\u0105 i kamerami CCTV, zar\u00f3wno na ulicy, jak i na stadionie! Produkt dost\u0119pny w dw\u00f3ch wersjach kolorystycznych.<\/p>\n","protected":false},"excerpt":{"rendered":"<p>Legendarna bluza od PGWEAR z wszyt\u0105 kominiark\u0105 i pojemn\u0105 kieszeni\u0105 kangurk\u0105 z przodu. Wykonana z najwy\u017cszej jako\u015bci materia\u0142\u00f3w z dba\u0142o\u015bci\u0105 o ka\u017cdy szczeg\u00f3\u0142y!<\/p>\n","protected":false},"featured_media":128843,"template":"","meta":{"_acf_changed":false},"product_brand":[],"product_cat":[371,3490,3493,376],"product_tag":[3277],"class_list":{"0":"post-191911","1":"product","2":"type-product","3":"status-publish","4":"has-post-thumbnail","6":"product_cat-bluzy","7":"product_cat-bluzy-z-kapturem","8":"product_cat-bluzy-z-kominiarka","9":"product_cat-nowosci","10":"product_tag-ostatnie-sztuki","11":"pa_gramatura-340-gr-m2","12":"pa_kolekcja-wiosna-lato-2024","13":"pa_kolor-czarny","14":"pa_material-100-bawelna","15":"pa_rozmiar-l-de","16":"pa_rozmiar-l","17":"pa_rozmiar-l-en","18":"pa_rozmiar-m-en-2","19":"pa_rozmiar-m","20":"pa_rozmiar-m-de-2","21":"pa_rozmiar-s-de","22":"pa_rozmiar-s","23":"pa_rozmiar-s-en","24":"pa_rozmiar-xl-de","25":"pa_rozmiar-xl-en","26":"pa_rozmiar-xl","27":"pa_rozmiar-xxl","28":"pa_rozmiar-xxl-de","29":"pa_rozmiar-xxl-en","30":"pa_rozmiar-xxxl","31":"pa_rozmiar-xxxl-en","32":"pa_rozmiar-xxxl-de","33":"feature-duza-kieszen","34":"feature-wbudowana-kominiarka","36":"first","37":"outofstock","38":"taxable","39":"shipping-taxable","40":"product-type-variable"},"acf":[],"_links":{"self":[{"href":"https:\/\/pgwear.net\/pl\/wp-json\/wp\/v2\/product\/191911","targetHints":{"allow":["GET"]}}],"collection":[{"href":"https:\/\/pgwear.net\/pl\/wp-json\/wp\/v2\/product"}],"about":[{"href":"https:\/\/pgwear.net\/pl\/wp-json\/wp\/v2\/types\/product"}],"wp:featuredmedia":[{"embeddable":true,"href":"https:\/\/pgwear.net\/pl\/wp-json\/wp\/v2\/media\/128843"}],"wp:attachment":[{"href":"https:\/\/pgwear.net\/pl\/wp-json\/wp\/v2\/media?parent=191911"}],"wp:term":[{"taxonomy":"product_brand","embeddable":true,"href":"https:\/\/pgwear.net\/pl\/wp-json\/wp\/v2\/product_brand?post=191911"},{"taxonomy":"product_cat","embeddable":true,"href":"https:\/\/pgwear.net\/pl\/wp-json\/wp\/v2\/product_cat?post=191911"},{"taxonomy":"product_tag","embeddable":true,"href":"https:\/\/pgwear.net\/pl\/wp-json\/wp\/v2\/product_tag?post=191911"}],"curies":[{"name":"wp","href":"https:\/\/api.w.org\/{rel}","templated":true}]}}