{"id":197046,"date":"2025-01-22T12:39:18","date_gmt":"2025-01-22T11:39:18","guid":{"rendered":"https:\/\/pgwear.net\/p\/kominiarka-camouflage-czarno-zolta\/"},"modified":"2026-04-18T06:45:19","modified_gmt":"2026-04-18T04:45:19","slug":"kominiarka-camouflage-czarno-zolta","status":"publish","type":"product","link":"https:\/\/pgwear.net\/pl\/p\/kominiarka-camouflage-czarno-zolta\/","title":{"rendered":"Kominiarka &#8220;Camouflage&#8221; Czarno\/\u017b\u00f3\u0142ta"},"content":{"rendered":"","protected":false},"excerpt":{"rendered":"","protected":false},"featured_media":197078,"template":"","meta":{"_acf_changed":false},"product_brand":[],"product_cat":[370,3512,376],"product_tag":[],"class_list":{"0":"post-197046","1":"product","2":"type-product","3":"status-publish","4":"has-post-thumbnail","6":"product_cat-kominiarki","7":"product_cat-komiarki","8":"product_cat-nowosci","9":"pa_gramatura-180-gr-m2","10":"pa_kolekcja-wiosna-lato-2025","11":"pa_kolor-zolty-czarny","12":"pa_material-14-elastan","13":"pa_material-86-poliester","14":"pa_nadruk-nadruk-na-calej-powierzchni","16":"first","17":"instock","18":"taxable","19":"shipping-taxable","20":"purchasable","21":"product-type-simple"},"acf":[],"_links":{"self":[{"href":"https:\/\/pgwear.net\/pl\/wp-json\/wp\/v2\/product\/197046","targetHints":{"allow":["GET"]}}],"collection":[{"href":"https:\/\/pgwear.net\/pl\/wp-json\/wp\/v2\/product"}],"about":[{"href":"https:\/\/pgwear.net\/pl\/wp-json\/wp\/v2\/types\/product"}],"wp:featuredmedia":[{"embeddable":true,"href":"https:\/\/pgwear.net\/pl\/wp-json\/wp\/v2\/media\/197078"}],"wp:attachment":[{"href":"https:\/\/pgwear.net\/pl\/wp-json\/wp\/v2\/media?parent=197046"}],"wp:term":[{"taxonomy":"product_brand","embeddable":true,"href":"https:\/\/pgwear.net\/pl\/wp-json\/wp\/v2\/product_brand?post=197046"},{"taxonomy":"product_cat","embeddable":true,"href":"https:\/\/pgwear.net\/pl\/wp-json\/wp\/v2\/product_cat?post=197046"},{"taxonomy":"product_tag","embeddable":true,"href":"https:\/\/pgwear.net\/pl\/wp-json\/wp\/v2\/product_tag?post=197046"}],"curies":[{"name":"wp","href":"https:\/\/api.w.org\/{rel}","templated":true}]}}