{"id":20337,"date":"2022-05-17T08:28:37","date_gmt":"2022-05-17T06:28:37","guid":{"rendered":"https:\/\/pgwear.net\/p\/aw18-flaga-1312\/"},"modified":"2026-03-27T12:43:27","modified_gmt":"2026-03-27T11:43:27","slug":"aw18-flaga-1312","status":"publish","type":"product","link":"https:\/\/pgwear.net\/pl\/p\/aw18-flaga-1312\/","title":{"rendered":"Flaga &#8220;1312&#8221;"},"content":{"rendered":"<p>Niezast\u0105piony element do noszenia zar\u00f3wno na ulicy i na stadionie. Wyprodukowany przez PGWEAR CUSTOMS z najwy\u017cszej jako\u015bci materia\u0142\u00f3w.<\/p>\n","protected":false},"excerpt":{"rendered":"<p>Wyprodukowany przez PGWEAR CUSTOMS z najwy\u017cszej jako\u015bci materia\u0142\u00f3w.<\/p>\n","protected":false},"featured_media":19819,"template":"","meta":{"_acf_changed":false},"product_brand":[],"product_cat":[375,3516],"product_tag":[],"class_list":{"0":"post-20337","1":"product","2":"type-product","3":"status-publish","4":"has-post-thumbnail","6":"product_cat-akcesoria","7":"product_cat-flagi","8":"pa_material-100-poliester","9":"feature-2211","10":"feature-flaga","11":"feature-motyw-pyro","13":"first","14":"instock","15":"taxable","16":"shipping-taxable","17":"purchasable","18":"product-type-simple"},"acf":[],"_links":{"self":[{"href":"https:\/\/pgwear.net\/pl\/wp-json\/wp\/v2\/product\/20337","targetHints":{"allow":["GET"]}}],"collection":[{"href":"https:\/\/pgwear.net\/pl\/wp-json\/wp\/v2\/product"}],"about":[{"href":"https:\/\/pgwear.net\/pl\/wp-json\/wp\/v2\/types\/product"}],"wp:featuredmedia":[{"embeddable":true,"href":"https:\/\/pgwear.net\/pl\/wp-json\/wp\/v2\/media\/19819"}],"wp:attachment":[{"href":"https:\/\/pgwear.net\/pl\/wp-json\/wp\/v2\/media?parent=20337"}],"wp:term":[{"taxonomy":"product_brand","embeddable":true,"href":"https:\/\/pgwear.net\/pl\/wp-json\/wp\/v2\/product_brand?post=20337"},{"taxonomy":"product_cat","embeddable":true,"href":"https:\/\/pgwear.net\/pl\/wp-json\/wp\/v2\/product_cat?post=20337"},{"taxonomy":"product_tag","embeddable":true,"href":"https:\/\/pgwear.net\/pl\/wp-json\/wp\/v2\/product_tag?post=20337"}],"curies":[{"name":"wp","href":"https:\/\/api.w.org\/{rel}","templated":true}]}}