{"id":203896,"date":"2025-03-19T08:32:12","date_gmt":"2025-03-19T07:32:12","guid":{"rendered":"https:\/\/pgwear.net\/p\/vac25-recznik-flamingo-rozowy\/"},"modified":"2026-03-06T11:55:01","modified_gmt":"2026-03-06T10:55:01","slug":"recznik-flamingo-rozowy","status":"publish","type":"product","link":"https:\/\/pgwear.net\/pl\/p\/recznik-flamingo-rozowy\/","title":{"rendered":"R\u0119cznik &#8220;Flamingo&#8221; R\u00f3\u017cowy"},"content":{"rendered":"","protected":false},"excerpt":{"rendered":"","protected":false},"featured_media":203907,"template":"","meta":{"_acf_changed":false},"product_brand":[],"product_cat":[375,376,3520],"product_tag":[3614],"class_list":{"0":"post-203896","1":"product","2":"type-product","3":"status-publish","4":"has-post-thumbnail","6":"product_cat-akcesoria","7":"product_cat-nowosci","8":"product_cat-reczniki","9":"product_tag-summer-capsule","10":"pa_kolekcja-wiosna-lato-2025","11":"pa_kolor-rozowy","12":"pa_material-100-bawelna-tyl","13":"pa_material-100-poliester-przod","14":"pa_nadruk-nadruk-na-calej-powierzchni","15":"feature-recznik","17":"first","18":"outofstock","19":"taxable","20":"shipping-taxable","21":"purchasable","22":"product-type-simple"},"acf":[],"_links":{"self":[{"href":"https:\/\/pgwear.net\/pl\/wp-json\/wp\/v2\/product\/203896","targetHints":{"allow":["GET"]}}],"collection":[{"href":"https:\/\/pgwear.net\/pl\/wp-json\/wp\/v2\/product"}],"about":[{"href":"https:\/\/pgwear.net\/pl\/wp-json\/wp\/v2\/types\/product"}],"wp:featuredmedia":[{"embeddable":true,"href":"https:\/\/pgwear.net\/pl\/wp-json\/wp\/v2\/media\/203907"}],"wp:attachment":[{"href":"https:\/\/pgwear.net\/pl\/wp-json\/wp\/v2\/media?parent=203896"}],"wp:term":[{"taxonomy":"product_brand","embeddable":true,"href":"https:\/\/pgwear.net\/pl\/wp-json\/wp\/v2\/product_brand?post=203896"},{"taxonomy":"product_cat","embeddable":true,"href":"https:\/\/pgwear.net\/pl\/wp-json\/wp\/v2\/product_cat?post=203896"},{"taxonomy":"product_tag","embeddable":true,"href":"https:\/\/pgwear.net\/pl\/wp-json\/wp\/v2\/product_tag?post=203896"}],"curies":[{"name":"wp","href":"https:\/\/api.w.org\/{rel}","templated":true}]}}