{"id":20644,"date":"2022-05-18T09:46:19","date_gmt":"2022-05-18T07:46:19","guid":{"rendered":"https:\/\/pgwear.net\/p\/vac22-t-shirt-receipt\/"},"modified":"2026-03-26T10:07:31","modified_gmt":"2026-03-26T09:07:31","slug":"vac22-t-shirt-receipt","status":"publish","type":"product","link":"https:\/\/pgwear.net\/pl\/p\/vac22-t-shirt-receipt\/","title":{"rendered":"T-shirt &#8220;Receipt&#8221;"},"content":{"rendered":"<p>Czy pami\u0119tasz jeszcze te gor\u0105ce dni, kiedy le\u017ca\u0142e\u015b na z\u0142otej piaszczystej pla\u017cy i flirtowa\u0142e\u015b z kilkoma \u0142adnymi laskami, a to wszystko na tle b\u0142\u0119kitnego oceanu? A te wszystkie gor\u0105ce noce pe\u0142ne szalonych, nieko\u0144cz\u0105cych si\u0119 imprez i przyg\u00f3d z Twoimi najlepszymi kumplami? Ile wtedy mog\u0142e\u015b wypi\u0107? Zak\u0142adam minimum <a href=\"https:\/\/pgwear.net\/pl\/feature\/1312\/\">1312<\/a> co noc \ud83d\ude42 Aaaa z reszt\u0105 kogo to obchodzi \u2013 dobra zabawa nie ma granic!<br \/>\nPostanowili\u015bmy zako\u0144czy\u0107 t\u0119 nostalgi\u0119 i sprawi\u0107, \u017ce marzenia zn\u00f3w si\u0119 spe\u0142ni\u0105! Z wielk\u0105 przyjemno\u015bci\u0105 og\u0142aszamy otwarcie naszego nowego baru o nazwie &#8220;costACABana&#8221;!<br \/>\nHehehe\u2026 to by by\u0142o spoko co? Niestety, na spe\u0142nienie tego marzenia musimy jeszcze troch\u0119 poczeka\u0107, ale mamy dla Was co\u015b specjalnego!!<\/p>\n","protected":false},"excerpt":{"rendered":"<p>T-Shirt Receipt \u2013 wydruk paragonu z baru, z ilo\u015bci\u0105 drink\u00f3w, kt\u00f3re wszyscy chcieliby\u015bmy wypi\u0107 podczas tych gor\u0105cych, wakacyjnych nocy!<\/p>\n","protected":false},"featured_media":20343,"template":"","meta":{"_acf_changed":false},"product_brand":[],"product_cat":[376,372],"product_tag":[3614],"class_list":{"0":"post-20644","1":"product","2":"type-product","3":"status-publish","4":"has-post-thumbnail","6":"product_cat-nowosci","7":"product_cat-t-shirty","8":"product_tag-summer-capsule","9":"pa_gramatura-180-gr-m2","10":"pa_kolekcja-wakacje-22","11":"pa_kolor-bialy","12":"pa_material-100-bawelna","13":"pa_nadruk-duzy-nadruk-na-klatce-piersiowej","14":"pa_rozmiar-l","15":"pa_rozmiar-m","16":"pa_rozmiar-s","17":"pa_rozmiar-xl","18":"pa_rozmiar-xxl","19":"pa_rozmiar-xxxl","20":"feature-2211","21":"feature-acab","23":"first","24":"instock","25":"taxable","26":"shipping-taxable","27":"purchasable","28":"product-type-variable"},"acf":[],"_links":{"self":[{"href":"https:\/\/pgwear.net\/pl\/wp-json\/wp\/v2\/product\/20644","targetHints":{"allow":["GET"]}}],"collection":[{"href":"https:\/\/pgwear.net\/pl\/wp-json\/wp\/v2\/product"}],"about":[{"href":"https:\/\/pgwear.net\/pl\/wp-json\/wp\/v2\/types\/product"}],"wp:featuredmedia":[{"embeddable":true,"href":"https:\/\/pgwear.net\/pl\/wp-json\/wp\/v2\/media\/20343"}],"wp:attachment":[{"href":"https:\/\/pgwear.net\/pl\/wp-json\/wp\/v2\/media?parent=20644"}],"wp:term":[{"taxonomy":"product_brand","embeddable":true,"href":"https:\/\/pgwear.net\/pl\/wp-json\/wp\/v2\/product_brand?post=20644"},{"taxonomy":"product_cat","embeddable":true,"href":"https:\/\/pgwear.net\/pl\/wp-json\/wp\/v2\/product_cat?post=20644"},{"taxonomy":"product_tag","embeddable":true,"href":"https:\/\/pgwear.net\/pl\/wp-json\/wp\/v2\/product_tag?post=20644"}],"curies":[{"name":"wp","href":"https:\/\/api.w.org\/{rel}","templated":true}]}}