{"id":207519,"date":"2025-04-08T08:56:50","date_gmt":"2025-04-08T06:56:50","guid":{"rendered":"https:\/\/pgwear.net\/p\/ss25x-kominiarka-siatka-hero-czarno-zolta\/"},"modified":"2026-03-12T09:37:03","modified_gmt":"2026-03-12T08:37:03","slug":"kominiarka-siatka-hero-czarno-zolta","status":"publish","type":"product","link":"https:\/\/pgwear.net\/pl\/p\/kominiarka-siatka-hero-czarno-zolta\/","title":{"rendered":"Kominiarka Siatka &#8220;Hero&#8221; Czarno\/\u017b\u00f3\u0142ta"},"content":{"rendered":"","protected":false},"excerpt":{"rendered":"","protected":false},"featured_media":207570,"template":"","meta":{"_acf_changed":false},"product_brand":[],"product_cat":[3512,370,376],"product_tag":[],"class_list":{"0":"post-207519","1":"product","2":"type-product","3":"status-publish","4":"has-post-thumbnail","6":"product_cat-komiarki","7":"product_cat-kominiarki","8":"product_cat-nowosci","9":"pa_gramatura-100-gr-m2","10":"pa_kolor-zolty-czarny","11":"pa_material-100-poliester","12":"pa_nadruk-nadruk-na-calej-powierzchni","14":"first","15":"instock","16":"taxable","17":"shipping-taxable","18":"purchasable","19":"product-type-simple"},"acf":[],"_links":{"self":[{"href":"https:\/\/pgwear.net\/pl\/wp-json\/wp\/v2\/product\/207519","targetHints":{"allow":["GET"]}}],"collection":[{"href":"https:\/\/pgwear.net\/pl\/wp-json\/wp\/v2\/product"}],"about":[{"href":"https:\/\/pgwear.net\/pl\/wp-json\/wp\/v2\/types\/product"}],"wp:featuredmedia":[{"embeddable":true,"href":"https:\/\/pgwear.net\/pl\/wp-json\/wp\/v2\/media\/207570"}],"wp:attachment":[{"href":"https:\/\/pgwear.net\/pl\/wp-json\/wp\/v2\/media?parent=207519"}],"wp:term":[{"taxonomy":"product_brand","embeddable":true,"href":"https:\/\/pgwear.net\/pl\/wp-json\/wp\/v2\/product_brand?post=207519"},{"taxonomy":"product_cat","embeddable":true,"href":"https:\/\/pgwear.net\/pl\/wp-json\/wp\/v2\/product_cat?post=207519"},{"taxonomy":"product_tag","embeddable":true,"href":"https:\/\/pgwear.net\/pl\/wp-json\/wp\/v2\/product_tag?post=207519"}],"curies":[{"name":"wp","href":"https:\/\/api.w.org\/{rel}","templated":true}]}}