{"id":21185,"date":"2022-05-26T08:26:42","date_gmt":"2022-05-26T06:26:42","guid":{"rendered":"https:\/\/pgwear.net\/p\/kominiarka-net-black\/"},"modified":"2026-04-01T08:07:34","modified_gmt":"2026-04-01T06:07:34","slug":"kominiarka-net-czarna","status":"publish","type":"product","link":"https:\/\/pgwear.net\/pl\/p\/kominiarka-net-czarna\/","title":{"rendered":"Kominiarka NET Czarna"},"content":{"rendered":"<p>W PGWEAR rozumiemy jak wa\u017cna jest ochrona oczu i twarzy, dlatego prezentujemy najnowszy rodzaj <a href=\"https:\/\/pgwear.net\/pl\/c\/kominiarki\/\">kominiarki<\/a>, kt\u00f3ry gwarantuje 100% anonimowo\u015b\u0107!<\/p>\n","protected":false},"excerpt":{"rendered":"<p>W PGWEAR rozumiemy jak wa\u017cna jest ochrona oczu i twarzy, dlatego prezentujemy najnowszy rodzaj kominiarki, kt\u00f3ry gwarantuje 100% anonimowo\u015b\u0107!<\/p>\n","protected":false},"featured_media":21192,"template":"","meta":{"_acf_changed":false},"product_brand":[],"product_cat":[370,3512,376],"product_tag":[],"class_list":{"0":"post-21185","1":"product","2":"type-product","3":"status-publish","4":"has-post-thumbnail","6":"product_cat-kominiarki","7":"product_cat-komiarki","8":"product_cat-nowosci","9":"pa_gramatura-180-gr-m2","10":"pa_kolor-czarny","11":"pa_material-4-lycra","12":"pa_material-96-bawelna","14":"first","15":"instock","16":"taxable","17":"shipping-taxable","18":"purchasable","19":"product-type-simple"},"acf":[],"_links":{"self":[{"href":"https:\/\/pgwear.net\/pl\/wp-json\/wp\/v2\/product\/21185","targetHints":{"allow":["GET"]}}],"collection":[{"href":"https:\/\/pgwear.net\/pl\/wp-json\/wp\/v2\/product"}],"about":[{"href":"https:\/\/pgwear.net\/pl\/wp-json\/wp\/v2\/types\/product"}],"wp:featuredmedia":[{"embeddable":true,"href":"https:\/\/pgwear.net\/pl\/wp-json\/wp\/v2\/media\/21192"}],"wp:attachment":[{"href":"https:\/\/pgwear.net\/pl\/wp-json\/wp\/v2\/media?parent=21185"}],"wp:term":[{"taxonomy":"product_brand","embeddable":true,"href":"https:\/\/pgwear.net\/pl\/wp-json\/wp\/v2\/product_brand?post=21185"},{"taxonomy":"product_cat","embeddable":true,"href":"https:\/\/pgwear.net\/pl\/wp-json\/wp\/v2\/product_cat?post=21185"},{"taxonomy":"product_tag","embeddable":true,"href":"https:\/\/pgwear.net\/pl\/wp-json\/wp\/v2\/product_tag?post=21185"}],"curies":[{"name":"wp","href":"https:\/\/api.w.org\/{rel}","templated":true}]}}