{"id":21189,"date":"2022-05-26T08:26:43","date_gmt":"2022-05-26T06:26:43","guid":{"rendered":"https:\/\/pgwear.net\/p\/kominiarka-net-gw\/"},"modified":"2026-03-31T13:55:26","modified_gmt":"2026-03-31T11:55:26","slug":"kominiarka-net-zielony-bialy","status":"publish","type":"product","link":"https:\/\/pgwear.net\/pl\/p\/kominiarka-net-zielony-bialy\/","title":{"rendered":"Kominiarka NET Zielony\/Bia\u0142y"},"content":{"rendered":"<p>W PGWEAR rozumiemy jak wa\u017cna jest ochrona oczu i twarzy, dlatego prezentujemy najnowszy rodzaj <a href=\"https:\/\/pgwear.net\/pl\/c\/kominiarki\/\">kominiarki<\/a>, kt\u00f3ry gwarantuje 100% anonimowo\u015b\u0107!<\/p>\n","protected":false},"excerpt":{"rendered":"<p>W PGWEAR rozumiemy jak wa\u017cna jest ochrona oczu i twarzy, dlatego prezentujemy najnowszy rodzaj kominiarki, kt\u00f3ry gwarantuje 100% anonimowo\u015b\u0107!<\/p>\n","protected":false},"featured_media":21216,"template":"","meta":{"_acf_changed":false},"product_brand":[],"product_cat":[370,3512,376],"product_tag":[],"class_list":{"0":"post-21189","1":"product","2":"type-product","3":"status-publish","4":"has-post-thumbnail","6":"product_cat-kominiarki","7":"product_cat-komiarki","8":"product_cat-nowosci","9":"pa_gramatura-180-gr-m2","10":"pa_kolor-bialy-zielony","11":"pa_material-4-lycra","12":"pa_material-96-bawelna","13":"feature-komin","15":"first","16":"instock","17":"taxable","18":"shipping-taxable","19":"purchasable","20":"product-type-simple"},"acf":[],"_links":{"self":[{"href":"https:\/\/pgwear.net\/pl\/wp-json\/wp\/v2\/product\/21189","targetHints":{"allow":["GET"]}}],"collection":[{"href":"https:\/\/pgwear.net\/pl\/wp-json\/wp\/v2\/product"}],"about":[{"href":"https:\/\/pgwear.net\/pl\/wp-json\/wp\/v2\/types\/product"}],"wp:featuredmedia":[{"embeddable":true,"href":"https:\/\/pgwear.net\/pl\/wp-json\/wp\/v2\/media\/21216"}],"wp:attachment":[{"href":"https:\/\/pgwear.net\/pl\/wp-json\/wp\/v2\/media?parent=21189"}],"wp:term":[{"taxonomy":"product_brand","embeddable":true,"href":"https:\/\/pgwear.net\/pl\/wp-json\/wp\/v2\/product_brand?post=21189"},{"taxonomy":"product_cat","embeddable":true,"href":"https:\/\/pgwear.net\/pl\/wp-json\/wp\/v2\/product_cat?post=21189"},{"taxonomy":"product_tag","embeddable":true,"href":"https:\/\/pgwear.net\/pl\/wp-json\/wp\/v2\/product_tag?post=21189"}],"curies":[{"name":"wp","href":"https:\/\/api.w.org\/{rel}","templated":true}]}}