{"id":21376,"date":"2022-05-27T10:29:25","date_gmt":"2022-05-27T08:29:25","guid":{"rendered":"https:\/\/pgwear.net\/p\/aw22-spodnie-cargo-troop-black\/"},"modified":"2026-04-14T12:00:38","modified_gmt":"2026-04-14T10:00:38","slug":"aw22-spodnie-cargo-troop-black","status":"publish","type":"product","link":"https:\/\/pgwear.net\/pl\/p\/aw22-spodnie-cargo-troop-black\/","title":{"rendered":"Spodnie Cargo &#8220;Troop&#8221; Black"},"content":{"rendered":"<p><a href=\"https:\/\/pgwear.net\/pl\/feature\/bojowki\/\">Klasyczne boj\u00f3wki<\/a> to niezb\u0119dny element garderoby ka\u017cdego fanatyka pi\u0142ki no\u017cnej. Spodnie te posiadaj\u0105 dwie kieszenie po bokach , dwie klasycznie kieszenie z przodu oraz dwie z ty\u0142u. Spodnie ozdobione sk\u00f3rzanym logo PGWEAR.<\/p>\n","protected":false},"excerpt":{"rendered":"<p>Klasyczne boj\u00f3wki to niezb\u0119dny element garderoby ka\u017cdego fanatyka pi\u0142ki no\u017cnej.<\/p>\n","protected":false},"featured_media":29472,"template":"","meta":{"_acf_changed":false},"product_brand":[],"product_cat":[3500,376,373],"product_tag":[2297,1707],"class_list":{"0":"post-21376","1":"product","2":"type-product","3":"status-publish","4":"has-post-thumbnail","6":"product_cat-cargo","7":"product_cat-nowosci","8":"product_cat-spodnie","9":"product_tag-jesien-zima-2023","10":"product_tag-stadium-line","11":"pa_gramatura-240-gr-m2","12":"pa_kolekcja-jesien-zima-2023","13":"pa_kolor-czarny","14":"pa_kroj-klasyczny","15":"pa_material-2-elastan","16":"pa_material-98-bawelna","17":"pa_rozmiar-l","18":"pa_rozmiar-m","19":"pa_rozmiar-s","20":"pa_rozmiar-xl","21":"pa_rozmiar-xxl","22":"pa_rozmiar-xxxl","23":"feature-bojowki","25":"first","26":"instock","27":"taxable","28":"shipping-taxable","29":"purchasable","30":"product-type-variable"},"acf":[],"_links":{"self":[{"href":"https:\/\/pgwear.net\/pl\/wp-json\/wp\/v2\/product\/21376","targetHints":{"allow":["GET"]}}],"collection":[{"href":"https:\/\/pgwear.net\/pl\/wp-json\/wp\/v2\/product"}],"about":[{"href":"https:\/\/pgwear.net\/pl\/wp-json\/wp\/v2\/types\/product"}],"wp:featuredmedia":[{"embeddable":true,"href":"https:\/\/pgwear.net\/pl\/wp-json\/wp\/v2\/media\/29472"}],"wp:attachment":[{"href":"https:\/\/pgwear.net\/pl\/wp-json\/wp\/v2\/media?parent=21376"}],"wp:term":[{"taxonomy":"product_brand","embeddable":true,"href":"https:\/\/pgwear.net\/pl\/wp-json\/wp\/v2\/product_brand?post=21376"},{"taxonomy":"product_cat","embeddable":true,"href":"https:\/\/pgwear.net\/pl\/wp-json\/wp\/v2\/product_cat?post=21376"},{"taxonomy":"product_tag","embeddable":true,"href":"https:\/\/pgwear.net\/pl\/wp-json\/wp\/v2\/product_tag?post=21376"}],"curies":[{"name":"wp","href":"https:\/\/api.w.org\/{rel}","templated":true}]}}