{"id":21467,"date":"2022-05-27T10:29:33","date_gmt":"2022-05-27T08:29:33","guid":{"rendered":"https:\/\/pgwear.net\/p\/aw22-t-shirt-max-black\/"},"modified":"2026-03-17T14:47:55","modified_gmt":"2026-03-17T13:47:55","slug":"aw22-t-shirt-max-black","status":"publish","type":"product","link":"https:\/\/pgwear.net\/pl\/p\/aw22-t-shirt-max-black\/","title":{"rendered":"T-shirt &#8220;Max&#8221; Black"},"content":{"rendered":"<p>Casulowa, minimalistyczna koszulka \u201eMax\u201d z logo PGWEAR na piersi \u015bwietnie sprawdzi si\u0119 na co dzie\u0144 jako pierwsza warstwa Twojego casualowego outfitu. Ten T-shirt docenisz za minimalizm, kt\u00f3ry pozwoli Ci podkre\u015bli\u0107 przywi\u0105zanie do najlepszego brandu ultras jakim jest PGWEAR. Koszulka \u201eMax\u201d zosta\u0142a wykonana z najwy\u017cszej jako\u015bci bawe\u0142nianych materia\u0142\u00f3w. Dost\u0119pna w 3 wersjach kolorystycznych.<\/p>\n","protected":false},"excerpt":{"rendered":"<p>Casulowa, minimalistyczna koszulka \u201eMax\u201d z logo PGWEAR na piersi \u015bwietnie sprawdzi si\u0119 na co dzie\u0144 jako pierwsza warstwa Twojego casualowego outfitu.<\/p>\n","protected":false},"featured_media":29283,"template":"","meta":{"_acf_changed":false},"product_brand":[],"product_cat":[3496,376,372],"product_tag":[3277,2837],"class_list":{"0":"post-21467","1":"product","2":"type-product","3":"status-publish","4":"has-post-thumbnail","6":"product_cat-casual","7":"product_cat-nowosci","8":"product_cat-t-shirty","9":"product_tag-ostatnie-sztuki","10":"product_tag-sale","11":"pa_gramatura-180-gr-m2","12":"pa_kolekcja-jesien-zima-2022","13":"pa_kolor-czarny","14":"pa_kroj-klasyczny","15":"pa_material-100-bawelna","16":"pa_rozmiar-l","17":"pa_rozmiar-m","18":"pa_rozmiar-s","19":"pa_rozmiar-xl","20":"pa_rozmiar-xxl","21":"pa_rozmiar-xxxl","23":"first","24":"outofstock","25":"taxable","26":"shipping-taxable","27":"product-type-variable"},"acf":[],"_links":{"self":[{"href":"https:\/\/pgwear.net\/pl\/wp-json\/wp\/v2\/product\/21467","targetHints":{"allow":["GET"]}}],"collection":[{"href":"https:\/\/pgwear.net\/pl\/wp-json\/wp\/v2\/product"}],"about":[{"href":"https:\/\/pgwear.net\/pl\/wp-json\/wp\/v2\/types\/product"}],"wp:featuredmedia":[{"embeddable":true,"href":"https:\/\/pgwear.net\/pl\/wp-json\/wp\/v2\/media\/29283"}],"wp:attachment":[{"href":"https:\/\/pgwear.net\/pl\/wp-json\/wp\/v2\/media?parent=21467"}],"wp:term":[{"taxonomy":"product_brand","embeddable":true,"href":"https:\/\/pgwear.net\/pl\/wp-json\/wp\/v2\/product_brand?post=21467"},{"taxonomy":"product_cat","embeddable":true,"href":"https:\/\/pgwear.net\/pl\/wp-json\/wp\/v2\/product_cat?post=21467"},{"taxonomy":"product_tag","embeddable":true,"href":"https:\/\/pgwear.net\/pl\/wp-json\/wp\/v2\/product_tag?post=21467"}],"curies":[{"name":"wp","href":"https:\/\/api.w.org\/{rel}","templated":true}]}}