{"id":21495,"date":"2022-05-27T10:29:36","date_gmt":"2022-05-27T08:29:36","guid":{"rendered":"https:\/\/pgwear.net\/p\/aw22-t-shirt-stile-di-vita-olive\/"},"modified":"2026-03-17T14:47:55","modified_gmt":"2026-03-17T13:47:55","slug":"aw22-t-shirt-stile-di-vita-olive","status":"publish","type":"product","link":"https:\/\/pgwear.net\/pl\/p\/aw22-t-shirt-stile-di-vita-olive\/","title":{"rendered":"T-shirt &#8220;Stile Di Vita&#8221; Olive"},"content":{"rendered":"<p>T-shirt \u201eStille di vitta\u201d to klasyczny wz\u00f3r ultras od PGWEAR. Nie ma znaczenia czy jeste\u015b ultrasem, chuliganem, fanem stylu casual, groundhopperem, a mo\u017ce po prostu okazjonalnym go\u015bciem na stadionie, ta koszulka na pewno trafi w Twoje gusta. Gdy my\u015blisz football, to druga my\u015bl, kt\u00f3ra przychodzi Ci do g\u0142owy to szklanka zimnego piwka. Na tym kibicowskim wzorze, oldschoolowa pi\u0142ka oraz kufel z napojem bog\u00f3w znajduj\u0105 si\u0119 w wie\u0144cu laurowym \u2013 jest to klasyczne przedstawienie ideii Against Modern Football! Ten model zosta\u0142 wyprodukowany przez PGWEAR Customs, posiada regularny kr\u00f3j i sk\u0142ada si\u0119 z najwy\u017cszej jako\u015bci bawe\u0142nianej dzianiny. Dost\u0119pny w dw\u00f3ch wersjach kolorystycznych.<\/p>\n","protected":false},"excerpt":{"rendered":"<p>T-shirt \u201eStille di vitta\u201d to klasyczny wz\u00f3r ultras od PGWEAR. Nie ma znaczenia czy jeste\u015b ultrasem, chuliganem, fanem stylu casual, groundhopperem, a mo\u017ce po prostu okazjonalnym go\u015bciem na stadionie, ta koszulka na pewno trafi w Twoje gusta.<\/p>\n","protected":false},"featured_media":29202,"template":"","meta":{"_acf_changed":false},"product_brand":[],"product_cat":[376,372],"product_tag":[3839,3277,2837],"class_list":{"0":"post-21495","1":"product","2":"type-product","3":"status-publish","4":"has-post-thumbnail","6":"product_cat-nowosci","7":"product_cat-t-shirty","8":"product_tag-blue-monday","9":"product_tag-ostatnie-sztuki","10":"product_tag-sale","11":"pa_gramatura-180-gr-m2","12":"pa_kolekcja-jesien-zima-2022","13":"pa_kolor-oliwkowy","14":"pa_kroj-klasyczny","15":"pa_material-100-bawelna","16":"pa_nadruk-duzy-nadruk-na-klatce-piersiowej","17":"pa_rozmiar-l","18":"pa_rozmiar-m","19":"pa_rozmiar-s","20":"pa_rozmiar-xl","21":"pa_rozmiar-xxl","22":"pa_rozmiar-xxxl","23":"feature-motyw-pilki","24":"feature-motyw-piwa","25":"feature-wieniec-laurowy","27":"first","28":"outofstock","29":"taxable","30":"shipping-taxable","31":"product-type-variable"},"acf":[],"_links":{"self":[{"href":"https:\/\/pgwear.net\/pl\/wp-json\/wp\/v2\/product\/21495","targetHints":{"allow":["GET"]}}],"collection":[{"href":"https:\/\/pgwear.net\/pl\/wp-json\/wp\/v2\/product"}],"about":[{"href":"https:\/\/pgwear.net\/pl\/wp-json\/wp\/v2\/types\/product"}],"wp:featuredmedia":[{"embeddable":true,"href":"https:\/\/pgwear.net\/pl\/wp-json\/wp\/v2\/media\/29202"}],"wp:attachment":[{"href":"https:\/\/pgwear.net\/pl\/wp-json\/wp\/v2\/media?parent=21495"}],"wp:term":[{"taxonomy":"product_brand","embeddable":true,"href":"https:\/\/pgwear.net\/pl\/wp-json\/wp\/v2\/product_brand?post=21495"},{"taxonomy":"product_cat","embeddable":true,"href":"https:\/\/pgwear.net\/pl\/wp-json\/wp\/v2\/product_cat?post=21495"},{"taxonomy":"product_tag","embeddable":true,"href":"https:\/\/pgwear.net\/pl\/wp-json\/wp\/v2\/product_tag?post=21495"}],"curies":[{"name":"wp","href":"https:\/\/api.w.org\/{rel}","templated":true}]}}