{"id":21502,"date":"2022-05-27T10:29:37","date_gmt":"2022-05-27T08:29:37","guid":{"rendered":"https:\/\/pgwear.net\/p\/aw22-t-shirt-shield\/"},"modified":"2026-03-17T14:34:56","modified_gmt":"2026-03-17T13:34:56","slug":"aw22-t-shirt-shield","status":"publish","type":"product","link":"https:\/\/pgwear.net\/pl\/p\/aw22-t-shirt-shield\/","title":{"rendered":"T-shirt &#8220;Shield&#8221;"},"content":{"rendered":"<p>Bawe\u0142niana koszulka z kibicowskim motywem ultras na plecach jest doskona\u0142\u0105 propozycj\u0105 dla wszystkich aktywnych kiboli. Ten kibicowski wz\u00f3r przedstawia trzy rzeczy, kt\u00f3re s\u0105 bardzo wa\u017cne dla ka\u017cdego fanatyka pi\u0142ki no\u017cnej: kominiarka, piwko i pi\u0142ka oldschool. Kominiarka \u2013 wiadomo, prawdopodobnie najlepsza czapka kibolska, dzi\u0119ki kt\u00f3rej zawsze zostaniesz anonimowym. Piwko \u2013 nab\u00f3j bog\u00f3w oraz ka\u017cdego szanuj\u0105cego si\u0119 kibola. Stara pi\u0142ka \u2013 symbol against modern football, reprezentuj\u0105cy najwy\u017csze warto\u015bci w futbolu. T-shirt \u201eShield\u201d wyprodukowano w PGWEAR Customs \u2013 dostawcy najlepszej odzie\u017cy ultras.<\/p>\n","protected":false},"excerpt":{"rendered":"<p>Bawe\u0142niana koszulka z kibicowskim motywem ultras na plecach jest doskona\u0142\u0105 propozycj\u0105 dla wszystkich aktywnych kiboli.<\/p>\n","protected":false},"featured_media":29153,"template":"","meta":{"_acf_changed":false},"product_brand":[],"product_cat":[376,372],"product_tag":[3277],"class_list":{"0":"post-21502","1":"product","2":"type-product","3":"status-publish","4":"has-post-thumbnail","6":"product_cat-nowosci","7":"product_cat-t-shirty","8":"product_tag-ostatnie-sztuki","9":"pa_gramatura-180-gr-m2","10":"pa_kolekcja-jesien-zima-2022","11":"pa_kolor-czarny","12":"pa_kroj-klasyczny","13":"pa_material-100-bawelna","14":"pa_nadruk-duzy-nadruk-na-plecach","15":"pa_nadruk-nadruk-pgwear-na-sercu","16":"pa_rozmiar-l","17":"pa_rozmiar-m","18":"pa_rozmiar-s","19":"pa_rozmiar-xl","20":"pa_rozmiar-xxl","21":"pa_rozmiar-xxxl","22":"feature-motyw-kominiarki","23":"feature-motyw-pilki","24":"feature-motyw-piwa","25":"feature-wieniec-laurowy","27":"first","28":"outofstock","29":"taxable","30":"shipping-taxable","31":"product-type-variable"},"acf":[],"_links":{"self":[{"href":"https:\/\/pgwear.net\/pl\/wp-json\/wp\/v2\/product\/21502","targetHints":{"allow":["GET"]}}],"collection":[{"href":"https:\/\/pgwear.net\/pl\/wp-json\/wp\/v2\/product"}],"about":[{"href":"https:\/\/pgwear.net\/pl\/wp-json\/wp\/v2\/types\/product"}],"wp:featuredmedia":[{"embeddable":true,"href":"https:\/\/pgwear.net\/pl\/wp-json\/wp\/v2\/media\/29153"}],"wp:attachment":[{"href":"https:\/\/pgwear.net\/pl\/wp-json\/wp\/v2\/media?parent=21502"}],"wp:term":[{"taxonomy":"product_brand","embeddable":true,"href":"https:\/\/pgwear.net\/pl\/wp-json\/wp\/v2\/product_brand?post=21502"},{"taxonomy":"product_cat","embeddable":true,"href":"https:\/\/pgwear.net\/pl\/wp-json\/wp\/v2\/product_cat?post=21502"},{"taxonomy":"product_tag","embeddable":true,"href":"https:\/\/pgwear.net\/pl\/wp-json\/wp\/v2\/product_tag?post=21502"}],"curies":[{"name":"wp","href":"https:\/\/api.w.org\/{rel}","templated":true}]}}