{"id":21530,"date":"2022-05-27T10:29:39","date_gmt":"2022-05-27T08:29:39","guid":{"rendered":"https:\/\/pgwear.net\/p\/aw22-t-shirt-amf-gryphon-black\/"},"modified":"2026-03-17T14:34:49","modified_gmt":"2026-03-17T13:34:49","slug":"aw22-t-shirt-amf-gryphon-black","status":"publish","type":"product","link":"https:\/\/pgwear.net\/pl\/p\/aw22-t-shirt-amf-gryphon-black\/","title":{"rendered":"T-shirt &#8220;AMF Gryphon&#8221; Navy"},"content":{"rendered":"<p>Casualowa, bawe\u0142niana koszulka z symbolem logo marki PGWEAR \u2013 gryfem, kt\u00f3ry dumnie dzier\u017cy flag\u0119 z trzema literami: A, M oraz F. Litery s\u0105 symbolem Against Modern Football, czyli wszystkich warto\u015bci, kt\u00f3re s\u0105 bliskie sercom ultras\u00f3w, chuligan\u00f3w, a tak\u017ce dla ka\u017cdego fana ultras brandu PGWEAR. Wysokiej jako\u015bci T-shirt z sitodrukowym nadrukiem uszyty przez PGWEAR Customs.<\/p>\n","protected":false},"excerpt":{"rendered":"<p>Casualowa, bawe\u0142niana koszulka z symbolem logo marki PGWEAR \u2013 gryfem, kt\u00f3ry dumnie dzier\u017cy flag\u0119 z trzema literami: A, M oraz F.<\/p>\n","protected":false},"featured_media":29100,"template":"","meta":{"_acf_changed":false},"product_brand":[],"product_cat":[3496,376,372],"product_tag":[3277,2837],"class_list":{"0":"post-21530","1":"product","2":"type-product","3":"status-publish","4":"has-post-thumbnail","6":"product_cat-casual","7":"product_cat-nowosci","8":"product_cat-t-shirty","9":"product_tag-ostatnie-sztuki","10":"product_tag-sale","11":"pa_gramatura-180-gr-m2","12":"pa_kolekcja-jesien-zima-2022","13":"pa_kolor-granatowy","14":"pa_kroj-klasyczny","15":"pa_material-100-bawelna","16":"pa_nadruk-duzy-nadruk-na-klatce-piersiowej","17":"pa_rozmiar-l","18":"pa_rozmiar-m","19":"pa_rozmiar-s","20":"pa_rozmiar-xl","21":"pa_rozmiar-xxl","22":"pa_rozmiar-xxxl","23":"feature-against-modern-football","24":"feature-motyw-gryfa","26":"first","27":"instock","28":"sale","29":"taxable","30":"shipping-taxable","31":"purchasable","32":"product-type-variable"},"acf":[],"_links":{"self":[{"href":"https:\/\/pgwear.net\/pl\/wp-json\/wp\/v2\/product\/21530","targetHints":{"allow":["GET"]}}],"collection":[{"href":"https:\/\/pgwear.net\/pl\/wp-json\/wp\/v2\/product"}],"about":[{"href":"https:\/\/pgwear.net\/pl\/wp-json\/wp\/v2\/types\/product"}],"wp:featuredmedia":[{"embeddable":true,"href":"https:\/\/pgwear.net\/pl\/wp-json\/wp\/v2\/media\/29100"}],"wp:attachment":[{"href":"https:\/\/pgwear.net\/pl\/wp-json\/wp\/v2\/media?parent=21530"}],"wp:term":[{"taxonomy":"product_brand","embeddable":true,"href":"https:\/\/pgwear.net\/pl\/wp-json\/wp\/v2\/product_brand?post=21530"},{"taxonomy":"product_cat","embeddable":true,"href":"https:\/\/pgwear.net\/pl\/wp-json\/wp\/v2\/product_cat?post=21530"},{"taxonomy":"product_tag","embeddable":true,"href":"https:\/\/pgwear.net\/pl\/wp-json\/wp\/v2\/product_tag?post=21530"}],"curies":[{"name":"wp","href":"https:\/\/api.w.org\/{rel}","templated":true}]}}