{"id":21565,"date":"2022-05-27T10:29:42","date_gmt":"2022-05-27T08:29:42","guid":{"rendered":"https:\/\/pgwear.net\/p\/aw22-bluza-z-kominiarka-city\/"},"modified":"2026-03-06T11:55:41","modified_gmt":"2026-03-06T10:55:41","slug":"aw22-bluza-z-kominiarka-city","status":"publish","type":"product","link":"https:\/\/pgwear.net\/pl\/p\/aw22-bluza-z-kominiarka-city\/","title":{"rendered":"Bluza z kominiark\u0105 &#8220;City&#8221;"},"content":{"rendered":"<p>Jeden z najbardziej legendarnych produkt\u00f3w ultras od PGWEAR \u2013 bluza z kominiark\u0105 zintegrowan\u0105 z ko\u0142nierzem. PGWEAR uczyni\u0142 wiele aby zabezpieczy\u0107 ka\u017cdego ultrasa przed czujnym okiem acab oraz cctv. Najepszym przyk\u0142adem jest w\u0142a\u015bnie ten produkt, kt\u00f3ry zapewni Ci anonimowo\u015b\u0107 na meczu u siebie oraz na wyje\u017adzie, podczas palenia pyro albo marszu. Projektanci PGWEAR ultras shop poszli jeszcze dalej i ozdobili plecy bluzy jedyn\u0105 w swoim rodzaju grafik\u0105 przedstawiaj\u0105c\u0105 3 kiboli z zas\u0142oni\u0119tymi twarzami \u2013 czyli osobami dzi\u0119ki kt\u00f3rym trybuny \u017cyj\u0105!<\/p>\n","protected":false},"excerpt":{"rendered":"<p>Jeden z najbardziej legendarnych produkt\u00f3w ultras od PGWEAR \u2013 bluza z kominiark\u0105 zintegrowan\u0105 z ko\u0142nierzem. PGWEAR uczyni\u0142 wiele aby zabezpieczy\u0107 ka\u017cdego ultrasa przed czujnym okiem acab oraz cctv.<\/p>\n","protected":false},"featured_media":29002,"template":"","meta":{"_acf_changed":false},"product_brand":[],"product_cat":[371,3490,3493,376],"product_tag":[3839,740,3277,1707],"class_list":{"0":"post-21565","1":"product","2":"type-product","3":"status-publish","4":"has-post-thumbnail","6":"product_cat-bluzy","7":"product_cat-bluzy-z-kapturem","8":"product_cat-bluzy-z-kominiarka","9":"product_cat-nowosci","10":"product_tag-blue-monday","11":"product_tag-jesien-zima-2022","12":"product_tag-ostatnie-sztuki","13":"product_tag-stadium-line","14":"pa_gramatura-290-gr-m2","15":"pa_kolekcja-jesien-zima-2022","16":"pa_kolor-czarny","17":"pa_kroj-klasyczny","18":"pa_material-100-bawelna","19":"pa_nadruk-duzy-nadruk-na-plecach","20":"pa_rozmiar-l","21":"pa_rozmiar-m","22":"pa_rozmiar-s","23":"pa_rozmiar-xl","24":"pa_rozmiar-xxl","25":"pa_rozmiar-xxxl","26":"feature-czerwony-napis","27":"feature-motyw-kominiarki","28":"feature-wbudowana-kominiarka","30":"first","31":"outofstock","32":"taxable","33":"shipping-taxable","34":"product-type-variable"},"acf":[],"_links":{"self":[{"href":"https:\/\/pgwear.net\/pl\/wp-json\/wp\/v2\/product\/21565","targetHints":{"allow":["GET"]}}],"collection":[{"href":"https:\/\/pgwear.net\/pl\/wp-json\/wp\/v2\/product"}],"about":[{"href":"https:\/\/pgwear.net\/pl\/wp-json\/wp\/v2\/types\/product"}],"wp:featuredmedia":[{"embeddable":true,"href":"https:\/\/pgwear.net\/pl\/wp-json\/wp\/v2\/media\/29002"}],"wp:attachment":[{"href":"https:\/\/pgwear.net\/pl\/wp-json\/wp\/v2\/media?parent=21565"}],"wp:term":[{"taxonomy":"product_brand","embeddable":true,"href":"https:\/\/pgwear.net\/pl\/wp-json\/wp\/v2\/product_brand?post=21565"},{"taxonomy":"product_cat","embeddable":true,"href":"https:\/\/pgwear.net\/pl\/wp-json\/wp\/v2\/product_cat?post=21565"},{"taxonomy":"product_tag","embeddable":true,"href":"https:\/\/pgwear.net\/pl\/wp-json\/wp\/v2\/product_tag?post=21565"}],"curies":[{"name":"wp","href":"https:\/\/api.w.org\/{rel}","templated":true}]}}