{"id":21663,"date":"2022-05-27T10:29:51","date_gmt":"2022-05-27T08:29:51","guid":{"rendered":"https:\/\/pgwear.net\/p\/aw22-bluza-stamp-navy\/"},"modified":"2026-03-06T11:55:41","modified_gmt":"2026-03-06T10:55:41","slug":"aw22-bluza-stamp-navy","status":"publish","type":"product","link":"https:\/\/pgwear.net\/pl\/p\/aw22-bluza-stamp-navy\/","title":{"rendered":"Bluza &#8220;Stamp&#8221; Navy"},"content":{"rendered":"<p>Klasyczna bluza z napisem CASUALS to niezb\u0119dny element garderoby ka\u017cdego kibica pi\u0142ki no\u017cnej. Niewa\u017cne gdzie jeste\u015b \u2013 na ulicy, na stadionie, na meczu u siebie czy na wyje\u017adzie, czy te\u017c w pubie z wiernymi przyjaci\u00f3\u0142mi \u2013 \u200b\u200bb\u0119dzie to idealne uzupe\u0142nienie twojego outfitu! Produkt dost\u0119pny w trzech wersjach kolorystycznych.<\/p>\n","protected":false},"excerpt":{"rendered":"<p>Klasyczna bluza z napisem CASUALS to niezb\u0119dny element garderoby ka\u017cdego kibica pi\u0142ki no\u017cnej.<\/p>\n","protected":false},"featured_media":28602,"template":"","meta":{"_acf_changed":false},"product_brand":[],"product_cat":[376],"product_tag":[740,3277,2789],"class_list":{"0":"post-21663","1":"product","2":"type-product","3":"status-publish","4":"has-post-thumbnail","6":"product_cat-nowosci","7":"product_tag-jesien-zima-2022","8":"product_tag-ostatnie-sztuki","9":"product_tag-wiosna-lato-2024","10":"pa_gramatura-290-gr-m2","11":"pa_kolekcja-jesien-zima-2022","12":"pa_kolor-granatowy","13":"pa_kroj-klasyczny","14":"pa_material-100-bawelna","15":"pa_nadruk-duzy-nadruk-na-klatce-piersiowej","16":"pa_rozmiar-l","17":"pa_rozmiar-m","18":"pa_rozmiar-s","19":"pa_rozmiar-xl","20":"pa_rozmiar-xxl","21":"pa_rozmiar-xxxl","22":"feature-casuals","24":"first","25":"instock","26":"sale","27":"taxable","28":"shipping-taxable","29":"purchasable","30":"product-type-variable"},"acf":[],"_links":{"self":[{"href":"https:\/\/pgwear.net\/pl\/wp-json\/wp\/v2\/product\/21663","targetHints":{"allow":["GET"]}}],"collection":[{"href":"https:\/\/pgwear.net\/pl\/wp-json\/wp\/v2\/product"}],"about":[{"href":"https:\/\/pgwear.net\/pl\/wp-json\/wp\/v2\/types\/product"}],"wp:featuredmedia":[{"embeddable":true,"href":"https:\/\/pgwear.net\/pl\/wp-json\/wp\/v2\/media\/28602"}],"wp:attachment":[{"href":"https:\/\/pgwear.net\/pl\/wp-json\/wp\/v2\/media?parent=21663"}],"wp:term":[{"taxonomy":"product_brand","embeddable":true,"href":"https:\/\/pgwear.net\/pl\/wp-json\/wp\/v2\/product_brand?post=21663"},{"taxonomy":"product_cat","embeddable":true,"href":"https:\/\/pgwear.net\/pl\/wp-json\/wp\/v2\/product_cat?post=21663"},{"taxonomy":"product_tag","embeddable":true,"href":"https:\/\/pgwear.net\/pl\/wp-json\/wp\/v2\/product_tag?post=21663"}],"curies":[{"name":"wp","href":"https:\/\/api.w.org\/{rel}","templated":true}]}}