{"id":21677,"date":"2022-05-27T10:29:52","date_gmt":"2022-05-27T08:29:52","guid":{"rendered":"https:\/\/pgwear.net\/p\/aw22-bluza-ninja-diabolic\/"},"modified":"2026-04-23T12:33:25","modified_gmt":"2026-04-23T10:33:25","slug":"aw22-bluza-ninja-diabolic","status":"publish","type":"product","link":"https:\/\/pgwear.net\/pl\/p\/aw22-bluza-ninja-diabolic\/","title":{"rendered":"Bluza Ninja &#8220;Diabolic&#8221;"},"content":{"rendered":"<p>Bluza ninja \u201eDiabolic\u201d od PGWEAR ultras shop to produkt, na kt\u00f3ry d\u0142ugo czekali\u015bcie! Jeden z najbardziej kultowych artyku\u0142\u00f3w ultras powraca w nowej, od\u015bwie\u017conej ods\u0142onie! Specjalnie zaprojektowany kaptur \u015bwietnie dopasowuje si\u0119 do ka\u017cdej g\u0142owy, a po jego za\u0142o\u017ceniu widoczne s\u0105 tylko oczy. Model \u201eDiabolic\u201d doskonale sprawdzi si\u0119 w noszeniu codziennym, ale jeszcze lepiej na meczu podczas odpalania pirotechniki. Do pojemnych kieszeni schowasz wszystkie niezb\u0119dne akcesoria ultras. Ta wyj\u0105tkowa bluza ultras zosta\u0142a uszyta z najwy\u017cszej jako\u015bci bawe\u0142nianej dzianiny przez PGWEAR Customs.<\/p>\n","protected":false},"excerpt":{"rendered":"<p>Bluza ninja \u201eDiabolic\u201d od PGWEAR ultras shop to produkt, na kt\u00f3ry d\u0142ugo czekali\u015bcie! Jeden z najbardziej kultowych artyku\u0142\u00f3w ultras powraca w nowej, od\u015bwie\u017conej ods\u0142onie!<\/p>\n","protected":false},"featured_media":28575,"template":"","meta":{"_acf_changed":false},"product_brand":[],"product_cat":[371,3490,3493,376],"product_tag":[740,3277,1707],"class_list":{"0":"post-21677","1":"product","2":"type-product","3":"status-publish","4":"has-post-thumbnail","6":"product_cat-bluzy","7":"product_cat-bluzy-z-kapturem","8":"product_cat-bluzy-z-kominiarka","9":"product_cat-nowosci","10":"product_tag-jesien-zima-2022","11":"product_tag-ostatnie-sztuki","12":"product_tag-stadium-line","13":"pa_gramatura-290-gr-m2","14":"pa_kolekcja-jesien-zima-2022","15":"pa_kolor-czarny","16":"pa_kroj-klasyczny","17":"pa_material-100-bawelna","18":"pa_nadruk-pgwear-z-przodu","19":"pa_rozmiar-l","20":"pa_rozmiar-m","21":"pa_rozmiar-s","22":"pa_rozmiar-xl","23":"pa_rozmiar-xxl","24":"pa_rozmiar-xxxl","25":"feature-duza-kieszen","26":"feature-ukryta-kieszen","27":"feature-wbudowana-kominiarka","29":"first","30":"outofstock","31":"taxable","32":"shipping-taxable","33":"product-type-variable"},"acf":[],"_links":{"self":[{"href":"https:\/\/pgwear.net\/pl\/wp-json\/wp\/v2\/product\/21677","targetHints":{"allow":["GET"]}}],"collection":[{"href":"https:\/\/pgwear.net\/pl\/wp-json\/wp\/v2\/product"}],"about":[{"href":"https:\/\/pgwear.net\/pl\/wp-json\/wp\/v2\/types\/product"}],"wp:featuredmedia":[{"embeddable":true,"href":"https:\/\/pgwear.net\/pl\/wp-json\/wp\/v2\/media\/28575"}],"wp:attachment":[{"href":"https:\/\/pgwear.net\/pl\/wp-json\/wp\/v2\/media?parent=21677"}],"wp:term":[{"taxonomy":"product_brand","embeddable":true,"href":"https:\/\/pgwear.net\/pl\/wp-json\/wp\/v2\/product_brand?post=21677"},{"taxonomy":"product_cat","embeddable":true,"href":"https:\/\/pgwear.net\/pl\/wp-json\/wp\/v2\/product_cat?post=21677"},{"taxonomy":"product_tag","embeddable":true,"href":"https:\/\/pgwear.net\/pl\/wp-json\/wp\/v2\/product_tag?post=21677"}],"curies":[{"name":"wp","href":"https:\/\/api.w.org\/{rel}","templated":true}]}}