{"id":21684,"date":"2022-05-27T10:29:53","date_gmt":"2022-05-27T08:29:53","guid":{"rendered":"https:\/\/pgwear.net\/p\/aw22-softshell-z-kominiarka-battle-black\/"},"modified":"2026-04-09T12:48:35","modified_gmt":"2026-04-09T10:48:35","slug":"aw22-softshell-z-kominiarka-battle-black","status":"publish","type":"product","link":"https:\/\/pgwear.net\/pl\/p\/aw22-softshell-z-kominiarka-battle-black\/","title":{"rendered":"Softshell z kominiark\u0105 &#8220;Battle&#8221; Black"},"content":{"rendered":"<p>Wyj\u0105tkowy i jedyny w swoim rodzaju softshell od PGWEAR ultras shop. Idealny produkt dla ka\u017cdego kibola, zaczynaj\u0105c d od ultras\u00f3w, przez stadionowych zadymiarzy, a ko\u0144cz\u0105c na fanach stylu football casuals. Ta kurtka ultras \u015bwietnie sprawdzi si\u0119 w deszczowe dni, a dodatkowo \u2013 dzi\u0119ki kominiarce zintegrowanej z ko\u0142nierzem pozwoli Ci unikn\u0105\u0107 zakazu stadionowego. Produkt dost\u0119pny w 3 wersjach kolorystycznych.<\/p>\n","protected":false},"excerpt":{"rendered":"<p>Wyj\u0105tkowy i jedyny w swoim rodzaju softshell od PGWEAR ultras shop. Idealny produkt dla ka\u017cdego kibola, zaczynaj\u0105c d od ultras\u00f3w, przez stadionowych zadymiarzy, a ko\u0144cz\u0105c na fanach stylu football casuals.<\/p>\n","protected":false},"featured_media":28506,"template":"","meta":{"_acf_changed":false},"product_brand":[],"product_cat":[366,376,3485],"product_tag":[2297,1707],"class_list":{"0":"post-21684","1":"product","2":"type-product","3":"status-publish","4":"has-post-thumbnail","6":"product_cat-kurtki","7":"product_cat-nowosci","8":"product_cat-softshelle","9":"product_tag-jesien-zima-2023","10":"product_tag-stadium-line","11":"pa_gramatura-320gr-m2","12":"pa_kolekcja-jesien-zima-2022","13":"pa_kolor-czarny","14":"pa_kroj-klasyczny","15":"pa_material-100-poliester","16":"pa_nadruk-logo-drytex-z-tylu","17":"pa_rozmiar-l","18":"pa_rozmiar-m","19":"pa_rozmiar-s","20":"pa_rozmiar-xl","21":"pa_rozmiar-xxl","22":"pa_rozmiar-xxxl","23":"feature-ukryta-kieszen","24":"feature-wbudowana-kominiarka","26":"first","27":"instock","28":"taxable","29":"shipping-taxable","30":"purchasable","31":"product-type-variable"},"acf":[],"_links":{"self":[{"href":"https:\/\/pgwear.net\/pl\/wp-json\/wp\/v2\/product\/21684","targetHints":{"allow":["GET"]}}],"collection":[{"href":"https:\/\/pgwear.net\/pl\/wp-json\/wp\/v2\/product"}],"about":[{"href":"https:\/\/pgwear.net\/pl\/wp-json\/wp\/v2\/types\/product"}],"wp:featuredmedia":[{"embeddable":true,"href":"https:\/\/pgwear.net\/pl\/wp-json\/wp\/v2\/media\/28506"}],"wp:attachment":[{"href":"https:\/\/pgwear.net\/pl\/wp-json\/wp\/v2\/media?parent=21684"}],"wp:term":[{"taxonomy":"product_brand","embeddable":true,"href":"https:\/\/pgwear.net\/pl\/wp-json\/wp\/v2\/product_brand?post=21684"},{"taxonomy":"product_cat","embeddable":true,"href":"https:\/\/pgwear.net\/pl\/wp-json\/wp\/v2\/product_cat?post=21684"},{"taxonomy":"product_tag","embeddable":true,"href":"https:\/\/pgwear.net\/pl\/wp-json\/wp\/v2\/product_tag?post=21684"}],"curies":[{"name":"wp","href":"https:\/\/api.w.org\/{rel}","templated":true}]}}