{"id":21740,"date":"2022-05-27T10:29:57","date_gmt":"2022-05-27T08:29:57","guid":{"rendered":"https:\/\/pgwear.net\/p\/aw22-kurtka-z-kominiarka-attack22-black\/"},"modified":"2026-03-31T11:19:32","modified_gmt":"2026-03-31T09:19:32","slug":"aw22-kurtka-z-kominiarka-attack22-black","status":"publish","type":"product","link":"https:\/\/pgwear.net\/pl\/p\/aw22-kurtka-z-kominiarka-attack22-black\/","title":{"rendered":"Kurtka z kominiark\u0105 &#8220;Attack`23&#8221; Black"},"content":{"rendered":"<p>Kurtka \u201eAttack\u201d od PGWEAR to ikona kibicowskiego stylu. Jest to model bazuj\u0105cy na kultowej kurtce \u201eRiot\u201d, kt\u00f3ry w 2016 roku pojawi\u0142 si\u0119 w naszej ofercie w nowej ulepszonej wersji. Kurta natychmiast sta\u0142\u0105 si\u0119 hitem, ch\u0119tnie kupowanym przez casuals\u00f3w, ultras\u00f3w i chuligan\u00f3w na ca\u0142ym \u015bwiecie. Kiedy widzisz j\u0105 na ulicy lub na stadionie, wiesz, \u017ce masz do czynienia z najlepsz\u0105 kurtk\u0105 ultras. Kominiarka wszyta w ko\u0142nierz to idealne rozwi\u0105zanie dla wszystkich tych, kt\u00f3rzy chc\u0105 pozosta\u0107 anonimowi w \u201ewyjatkowych\u201d sytuacjach na stadionie i poza nim. Kurtka posiada ukryt\u0105 kiesze\u0144 pod zamkiem b\u0142yskawicznym. Dzi\u0119ki temu, \u017ce zosta\u0142a uszyta z wodoodpornego materia\u0142u, doskonale sprawdza si\u0119 w ka\u017cdych warunkach pogodowych, a ocieplenie z polaru sprawi, \u017ce doskonale sprawdzi si\u0119 nawet przy mro\u017anych temperaturach. Produkt dost\u0119pny w czterech wersjach kolorystycznych.<\/p>\n","protected":false},"excerpt":{"rendered":"<p>Kurtka \u201eAttack\u201d od PGWEAR to ikona kibicowskiego stylu. Jest to model bazuj\u0105cy na kultowej kurtce \u201eRiot\u201d, kt\u00f3ry w 2016 roku pojawi\u0142 si\u0119 w naszej ofercie w nowej ulepszonej wersji.<\/p>\n","protected":false},"featured_media":28226,"template":"","meta":{"_acf_changed":false},"product_brand":[],"product_cat":[366,3486,376],"product_tag":[2297,1707],"class_list":{"0":"post-21740","1":"product","2":"type-product","3":"status-publish","4":"has-post-thumbnail","6":"product_cat-kurtki","7":"product_cat-kurtki-zimowe","8":"product_cat-nowosci","9":"product_tag-jesien-zima-2023","10":"product_tag-stadium-line","11":"pa_gramatura-180-gr-m2","12":"pa_kolekcja-jesien-zima-2022","13":"pa_kolor-czarny","14":"pa_kroj-klasyczny","15":"pa_material-100-poliester","16":"pa_rozmiar-l","17":"pa_rozmiar-m","18":"pa_rozmiar-s","19":"pa_rozmiar-xl","20":"pa_rozmiar-xxl","21":"pa_rozmiar-xxxl","22":"feature-ukryta-kieszen","23":"feature-wbudowana-kominiarka","24":"feature-wodoodporny","26":"first","27":"instock","28":"featured","29":"taxable","30":"shipping-taxable","31":"purchasable","32":"product-type-variable"},"acf":[],"_links":{"self":[{"href":"https:\/\/pgwear.net\/pl\/wp-json\/wp\/v2\/product\/21740","targetHints":{"allow":["GET"]}}],"collection":[{"href":"https:\/\/pgwear.net\/pl\/wp-json\/wp\/v2\/product"}],"about":[{"href":"https:\/\/pgwear.net\/pl\/wp-json\/wp\/v2\/types\/product"}],"wp:featuredmedia":[{"embeddable":true,"href":"https:\/\/pgwear.net\/pl\/wp-json\/wp\/v2\/media\/28226"}],"wp:attachment":[{"href":"https:\/\/pgwear.net\/pl\/wp-json\/wp\/v2\/media?parent=21740"}],"wp:term":[{"taxonomy":"product_brand","embeddable":true,"href":"https:\/\/pgwear.net\/pl\/wp-json\/wp\/v2\/product_brand?post=21740"},{"taxonomy":"product_cat","embeddable":true,"href":"https:\/\/pgwear.net\/pl\/wp-json\/wp\/v2\/product_cat?post=21740"},{"taxonomy":"product_tag","embeddable":true,"href":"https:\/\/pgwear.net\/pl\/wp-json\/wp\/v2\/product_tag?post=21740"}],"curies":[{"name":"wp","href":"https:\/\/api.w.org\/{rel}","templated":true}]}}