{"id":21792,"date":"2022-05-27T10:37:25","date_gmt":"2022-05-27T08:37:25","guid":{"rendered":"https:\/\/pgwear.net\/p\/aw22-troublemaker-skull-black\/"},"modified":"2026-03-24T13:43:18","modified_gmt":"2026-03-24T12:43:18","slug":"aw22-troublemaker-skull-black","status":"publish","type":"product","link":"https:\/\/pgwear.net\/pl\/p\/aw22-troublemaker-skull-black\/","title":{"rendered":"Czapka Troublemaker &#8220;Skull&#8221; Black"},"content":{"rendered":"<p>Jedyny i niepowtarzalny produkt, kt\u00f3rego korzenie si\u0119gaj\u0105 lat 90ych oraz zwi\u0105zanego z nimi stylu hooligans! Czapka \u201eTroublemaker\u201d to produkt 2w1 \u2013 mo\u017ce by\u0107 stosowany na dwa sposoby: jako klasyczna czapka zimowa oraz (co lepsze) jako kominiarka, kt\u00f3ra ochroni Ci\u0119 przed zakazem stadionowym. Model \u201eTroublemaker\u201d zosta\u0142 tak zaprojektowany, by \u015bwietnie pasowa\u0107 do ka\u017cdej g\u0142owy, a tak\u017ce w \u0142atwy spos\u00f3b, jednym poci\u0105gni\u0119ciem d\u0142oni zamieni\u0107 si\u0119 w kominiark\u0119 ultras. Ten wyj\u0105tkowy artyku\u0142 zosta\u0142 dodatkowo ozdobiony nadrukiem czaszki! Czapka-kominiarka \u201eTroublemaker\u201d jest dost\u0119pna w 2 wersjach kolorystycznych.<\/p>\n","protected":false},"excerpt":{"rendered":"<p>Jedyny i niepowtarzalny produkt, kt\u00f3rego korzenie si\u0119gaj\u0105 lat 90ych oraz zwi\u0105zanego z nimi stylu hooligans! Czapka \u201eTroublemaker\u201d to produkt 2w1 \u2013 mo\u017ce by\u0107 stosowany na dwa sposoby: jako klasyczna czapka zimowa oraz (co lepsze) jako kominiarka, kt\u00f3ra ochroni Ci\u0119 przed zakazem stadionowym.<\/p>\n","protected":false},"featured_media":28039,"template":"","meta":{"_acf_changed":false},"product_brand":[],"product_cat":[374,3512,370,376,3511,3510],"product_tag":[740,1707],"class_list":{"0":"post-21792","1":"product","2":"type-product","3":"status-publish","4":"has-post-thumbnail","6":"product_cat-czapki","7":"product_cat-komiarki","8":"product_cat-kominiarki","9":"product_cat-nowosci","10":"product_cat-z-funkcja-kominiarki","11":"product_cat-zimowe","12":"product_tag-jesien-zima-2022","13":"product_tag-stadium-line","14":"pa_kolekcja-jesien-zima-2022","15":"pa_kolor-czarny","16":"pa_material-100-akryl","17":"pa_nadruk-na-srodku-nadruk","18":"feature-czapka-zimowa","19":"feature-czaszka","21":"first","22":"instock","23":"taxable","24":"shipping-taxable","25":"purchasable","26":"product-type-simple"},"acf":[],"_links":{"self":[{"href":"https:\/\/pgwear.net\/pl\/wp-json\/wp\/v2\/product\/21792","targetHints":{"allow":["GET"]}}],"collection":[{"href":"https:\/\/pgwear.net\/pl\/wp-json\/wp\/v2\/product"}],"about":[{"href":"https:\/\/pgwear.net\/pl\/wp-json\/wp\/v2\/types\/product"}],"wp:featuredmedia":[{"embeddable":true,"href":"https:\/\/pgwear.net\/pl\/wp-json\/wp\/v2\/media\/28039"}],"wp:attachment":[{"href":"https:\/\/pgwear.net\/pl\/wp-json\/wp\/v2\/media?parent=21792"}],"wp:term":[{"taxonomy":"product_brand","embeddable":true,"href":"https:\/\/pgwear.net\/pl\/wp-json\/wp\/v2\/product_brand?post=21792"},{"taxonomy":"product_cat","embeddable":true,"href":"https:\/\/pgwear.net\/pl\/wp-json\/wp\/v2\/product_cat?post=21792"},{"taxonomy":"product_tag","embeddable":true,"href":"https:\/\/pgwear.net\/pl\/wp-json\/wp\/v2\/product_tag?post=21792"}],"curies":[{"name":"wp","href":"https:\/\/api.w.org\/{rel}","templated":true}]}}