{"id":21794,"date":"2022-05-27T10:37:26","date_gmt":"2022-05-27T08:37:26","guid":{"rendered":"https:\/\/pgwear.net\/p\/aw22-torba-na-pas-wayfarer\/"},"modified":"2026-04-07T12:12:21","modified_gmt":"2026-04-07T10:12:21","slug":"aw22-torba-na-pas-wayfarer","status":"publish","type":"product","link":"https:\/\/pgwear.net\/pl\/p\/aw22-torba-na-pas-wayfarer\/","title":{"rendered":"Torba na pas &#8220;Wayfarer&#8221;"},"content":{"rendered":"<p>Torba na pas \u201eWayfarer\u201d to mo\u017cliwo\u015b\u0107 przechowywania wszystkich przedmiot\u00f3w, kt\u00f3re chcesz mie\u0107 pod r\u0119k\u0105 w czasie meczy wyjazdowych, ale tak\u017ce podczas codziennego u\u017cytkowania. Je\u015bli nie masz wystarczaj\u0105cej ilo\u015bci miejsca na wszystkie akcesoria ultras to najwy\u017cszy czas aby\u015b sprawi\u0142 sobie t\u0119 ultras torb\u0119! Pojemna, solidna, z \u0142atwo\u015bci\u0105 zmie\u015bcisz w niej: telefon, klucze, bilet na mecz, a tak\u017ce \u2026 pyro! PGWEAR Customs wyprodukowa\u0142 ten artyku\u0142 z nieprzemakalnych materia\u0142\u00f3w z dba\u0142o\u015bci\u0105 o ka\u017cdy najmniejszy szczeg\u00f3\u0142.<\/p>\n","protected":false},"excerpt":{"rendered":"<p>Torba na pas \u201eWayfarer\u201d to mo\u017cliwo\u015b\u0107 przechowywania wszystkich przedmiot\u00f3w, kt\u00f3re chcesz mie\u0107 pod r\u0119k\u0105 w czasie meczy wyjazdowych, ale tak\u017ce podczas codziennego u\u017cytkowania.<\/p>\n","protected":false},"featured_media":27929,"template":"","meta":{"_acf_changed":false},"product_brand":[],"product_cat":[375,376,3514],"product_tag":[740,1707],"class_list":{"0":"post-21794","1":"product","2":"type-product","3":"status-publish","4":"has-post-thumbnail","6":"product_cat-akcesoria","7":"product_cat-nowosci","8":"product_cat-torby-na-pas","9":"product_tag-jesien-zima-2022","10":"product_tag-stadium-line","11":"pa_gramatura-280-gr-m2","12":"pa_kolekcja-jesien-zima-2022","13":"pa_kolor-czarny","14":"pa_material-100-poliester","16":"first","17":"instock","18":"taxable","19":"shipping-taxable","20":"purchasable","21":"product-type-simple"},"acf":[],"_links":{"self":[{"href":"https:\/\/pgwear.net\/pl\/wp-json\/wp\/v2\/product\/21794","targetHints":{"allow":["GET"]}}],"collection":[{"href":"https:\/\/pgwear.net\/pl\/wp-json\/wp\/v2\/product"}],"about":[{"href":"https:\/\/pgwear.net\/pl\/wp-json\/wp\/v2\/types\/product"}],"wp:featuredmedia":[{"embeddable":true,"href":"https:\/\/pgwear.net\/pl\/wp-json\/wp\/v2\/media\/27929"}],"wp:attachment":[{"href":"https:\/\/pgwear.net\/pl\/wp-json\/wp\/v2\/media?parent=21794"}],"wp:term":[{"taxonomy":"product_brand","embeddable":true,"href":"https:\/\/pgwear.net\/pl\/wp-json\/wp\/v2\/product_brand?post=21794"},{"taxonomy":"product_cat","embeddable":true,"href":"https:\/\/pgwear.net\/pl\/wp-json\/wp\/v2\/product_cat?post=21794"},{"taxonomy":"product_tag","embeddable":true,"href":"https:\/\/pgwear.net\/pl\/wp-json\/wp\/v2\/product_tag?post=21794"}],"curies":[{"name":"wp","href":"https:\/\/api.w.org\/{rel}","templated":true}]}}