{"id":21805,"date":"2022-05-27T10:37:27","date_gmt":"2022-05-27T08:37:27","guid":{"rendered":"https:\/\/pgwear.net\/p\/aw22-troublemaker-22-black\/"},"modified":"2026-04-23T12:33:21","modified_gmt":"2026-04-23T10:33:21","slug":"aw22-troublemaker-22-black","status":"publish","type":"product","link":"https:\/\/pgwear.net\/pl\/p\/aw22-troublemaker-22-black\/","title":{"rendered":"Troublemaker Black"},"content":{"rendered":"<p>Jedyny i niepowtarzalny produkt, kt\u00f3rego korzenie si\u0119gaj\u0105 lat 90ych oraz zwi\u0105zanego z nimi stylu hooligans! Czapka \u201eTroublemaker\u201d to produkt 2w1 \u2013 mo\u017ce by\u0107 stosowany na dwa sposoby: jako klasyczna czapka zimowa oraz (co lepsze) jako kominiarka, kt\u00f3ra ochroni Ci\u0119 przed zakazem stadionowym. Model \u201eTroublemaker\u201d zosta\u0142 tak zaprojektowany, by \u015bwietnie pasowa\u0107 do ka\u017cdej g\u0142owy, a tak\u017ce w \u0142atwy spos\u00f3b, jednym poci\u0105gni\u0119ciem d\u0142oni zamieni\u0107 si\u0119 w kominiark\u0119 ultras. Czapka-kominiarka \u201eTroublemaker\u201d jest dost\u0119pna w 4 wersjach kolorystycznych<\/p>\n","protected":false},"excerpt":{"rendered":"<p>Jedyny i niepowtarzalny produkt, kt\u00f3rego korzenie si\u0119gaj\u0105 lat 90ych oraz zwi\u0105zanego z nimi stylu hooligans!<\/p>\n","protected":false},"featured_media":27910,"template":"","meta":{"_acf_changed":false},"product_brand":[],"product_cat":[374,370,3512,376,3511,3510],"product_tag":[740,2837,1707],"class_list":{"0":"post-21805","1":"product","2":"type-product","3":"status-publish","4":"has-post-thumbnail","6":"product_cat-czapki","7":"product_cat-kominiarki","8":"product_cat-komiarki","9":"product_cat-nowosci","10":"product_cat-z-funkcja-kominiarki","11":"product_cat-zimowe","12":"product_tag-jesien-zima-2022","13":"product_tag-sale","14":"product_tag-stadium-line","15":"pa_kolekcja-jesien-zima-2022","16":"pa_kolor-czarny","17":"pa_material-100-akryl","18":"feature-czapka-zimowa","20":"first","21":"instock","22":"taxable","23":"shipping-taxable","24":"purchasable","25":"product-type-simple"},"acf":[],"_links":{"self":[{"href":"https:\/\/pgwear.net\/pl\/wp-json\/wp\/v2\/product\/21805","targetHints":{"allow":["GET"]}}],"collection":[{"href":"https:\/\/pgwear.net\/pl\/wp-json\/wp\/v2\/product"}],"about":[{"href":"https:\/\/pgwear.net\/pl\/wp-json\/wp\/v2\/types\/product"}],"wp:featuredmedia":[{"embeddable":true,"href":"https:\/\/pgwear.net\/pl\/wp-json\/wp\/v2\/media\/27910"}],"wp:attachment":[{"href":"https:\/\/pgwear.net\/pl\/wp-json\/wp\/v2\/media?parent=21805"}],"wp:term":[{"taxonomy":"product_brand","embeddable":true,"href":"https:\/\/pgwear.net\/pl\/wp-json\/wp\/v2\/product_brand?post=21805"},{"taxonomy":"product_cat","embeddable":true,"href":"https:\/\/pgwear.net\/pl\/wp-json\/wp\/v2\/product_cat?post=21805"},{"taxonomy":"product_tag","embeddable":true,"href":"https:\/\/pgwear.net\/pl\/wp-json\/wp\/v2\/product_tag?post=21805"}],"curies":[{"name":"wp","href":"https:\/\/api.w.org\/{rel}","templated":true}]}}