{"id":23356,"date":"2022-06-01T09:40:19","date_gmt":"2022-06-01T07:40:19","guid":{"rendered":"https:\/\/pgwear.net\/p\/tnf005-kominiarka-the-no-face\/"},"modified":"2026-04-03T08:35:12","modified_gmt":"2026-04-03T06:35:12","slug":"tnf005-kominiarka-the-no-face","status":"publish","type":"product","link":"https:\/\/pgwear.net\/pl\/p\/tnf005-kominiarka-the-no-face\/","title":{"rendered":"Kominiarka &#8220;The No Face&#8221;"},"content":{"rendered":"<p>Uniknij zakazu stadionowego! Pozosta\u0144 anonimowy zar\u00f3wno na ulicy jak i na stadionie! Jest tylko jedna rzecz, kt\u00f3ra pomo\u017ce Ci to osi\u0105gn\u0105\u0107! Jest to kominiarka z limitowanej kolekcji PGWEAR THE NO FACE!<\/p>\n","protected":false},"excerpt":{"rendered":"<p>Uniknij zakazu stadionowego! Pozosta\u0144 anonimowy zar\u00f3wno na ulicy jak i na stadionie!<\/p>\n","protected":false},"featured_media":37402,"template":"","meta":{"_acf_changed":false},"product_brand":[],"product_cat":[370,3512,376],"product_tag":[1794],"class_list":{"0":"post-23356","1":"product","2":"type-product","3":"status-publish","4":"has-post-thumbnail","6":"product_cat-kominiarki","7":"product_cat-komiarki","8":"product_cat-nowosci","9":"product_tag-the-no-face","10":"pa_kolekcja-jesien-zima-2022","11":"pa_kolor-czarny","12":"pa_material-8-elastan","13":"pa_material-92-bawelna","14":"pa_nadruk-na-srodku-nadruk","15":"feature-kominiarka-full-print","17":"first","18":"outofstock","19":"taxable","20":"shipping-taxable","21":"purchasable","22":"product-type-simple"},"acf":[],"_links":{"self":[{"href":"https:\/\/pgwear.net\/pl\/wp-json\/wp\/v2\/product\/23356","targetHints":{"allow":["GET"]}}],"collection":[{"href":"https:\/\/pgwear.net\/pl\/wp-json\/wp\/v2\/product"}],"about":[{"href":"https:\/\/pgwear.net\/pl\/wp-json\/wp\/v2\/types\/product"}],"wp:featuredmedia":[{"embeddable":true,"href":"https:\/\/pgwear.net\/pl\/wp-json\/wp\/v2\/media\/37402"}],"wp:attachment":[{"href":"https:\/\/pgwear.net\/pl\/wp-json\/wp\/v2\/media?parent=23356"}],"wp:term":[{"taxonomy":"product_brand","embeddable":true,"href":"https:\/\/pgwear.net\/pl\/wp-json\/wp\/v2\/product_brand?post=23356"},{"taxonomy":"product_cat","embeddable":true,"href":"https:\/\/pgwear.net\/pl\/wp-json\/wp\/v2\/product_cat?post=23356"},{"taxonomy":"product_tag","embeddable":true,"href":"https:\/\/pgwear.net\/pl\/wp-json\/wp\/v2\/product_tag?post=23356"}],"curies":[{"name":"wp","href":"https:\/\/api.w.org\/{rel}","templated":true}]}}