{"id":23371,"date":"2022-06-01T09:40:25","date_gmt":"2022-06-01T07:40:25","guid":{"rendered":"https:\/\/pgwear.net\/p\/tnf003-bluza-alien\/"},"modified":"2026-03-06T12:19:05","modified_gmt":"2026-03-06T11:19:05","slug":"tnf003-bluza-alien","status":"publish","type":"product","link":"https:\/\/pgwear.net\/pl\/p\/tnf003-bluza-alien\/","title":{"rendered":"Bluza &#8220;Alien&#8221;"},"content":{"rendered":"<p>Absolutnie minimalistyczna, zaprojektowana z my\u015bl\u0105 o fanatykach pi\u0142ki no\u017cnej, kt\u00f3rzy chc\u0105 zachowa\u0107 anonimowo\u015b\u0107 i bezpiecze\u0144stwo podczas meczu na stadionie lub przed nim na ulicy! Z wyj\u0105tkowym detalem &#8211; kapturem na ca\u0142\u0105 twarz, aby perfekcyjnie zakry\u0107 twarz! To w\u0142a\u015bnie jest bluza z kapturem Ninja THE NO FACE od PGWEAR!<\/p>\n","protected":false},"excerpt":{"rendered":"<p>Absolutnie minimalistyczna, zaprojektowana z my\u015bl\u0105 o fanatykach pi\u0142ki no\u017cnej, kt\u00f3rzy chc\u0105 zachowa\u0107 anonimowo\u015b\u0107 i bezpiecze\u0144stwo podczas meczu na stadionie lub przed nim na ulicy!<\/p>\n","protected":false},"featured_media":37519,"template":"","meta":{"_acf_changed":false},"product_brand":[],"product_cat":[371,3490,3493,376],"product_tag":[3855,3277,1794],"class_list":{"0":"post-23371","1":"product","2":"type-product","3":"status-publish","4":"has-post-thumbnail","6":"product_cat-bluzy","7":"product_cat-bluzy-z-kapturem","8":"product_cat-bluzy-z-kominiarka","9":"product_cat-nowosci","10":"product_tag-50sale","11":"product_tag-ostatnie-sztuki","12":"product_tag-the-no-face","13":"pa_gramatura-290-gr-m2","14":"pa_kolekcja-jesien-zima-2022","15":"pa_kolor-czarny","16":"pa_kroj-klasyczny","17":"pa_material-100-bawelna","18":"pa_rozmiar-l","19":"pa_rozmiar-m","20":"pa_rozmiar-s","21":"pa_rozmiar-xl","22":"pa_rozmiar-xxl","23":"pa_rozmiar-xxxl","24":"feature-wbudowana-kominiarka","26":"first","27":"outofstock","28":"taxable","29":"shipping-taxable","30":"product-type-variable"},"acf":[],"_links":{"self":[{"href":"https:\/\/pgwear.net\/pl\/wp-json\/wp\/v2\/product\/23371","targetHints":{"allow":["GET"]}}],"collection":[{"href":"https:\/\/pgwear.net\/pl\/wp-json\/wp\/v2\/product"}],"about":[{"href":"https:\/\/pgwear.net\/pl\/wp-json\/wp\/v2\/types\/product"}],"wp:featuredmedia":[{"embeddable":true,"href":"https:\/\/pgwear.net\/pl\/wp-json\/wp\/v2\/media\/37519"}],"wp:attachment":[{"href":"https:\/\/pgwear.net\/pl\/wp-json\/wp\/v2\/media?parent=23371"}],"wp:term":[{"taxonomy":"product_brand","embeddable":true,"href":"https:\/\/pgwear.net\/pl\/wp-json\/wp\/v2\/product_brand?post=23371"},{"taxonomy":"product_cat","embeddable":true,"href":"https:\/\/pgwear.net\/pl\/wp-json\/wp\/v2\/product_cat?post=23371"},{"taxonomy":"product_tag","embeddable":true,"href":"https:\/\/pgwear.net\/pl\/wp-json\/wp\/v2\/product_tag?post=23371"}],"curies":[{"name":"wp","href":"https:\/\/api.w.org\/{rel}","templated":true}]}}