{"id":24007,"date":"2022-06-10T08:44:18","date_gmt":"2022-06-10T06:44:18","guid":{"rendered":"https:\/\/pgwear.net\/p\/aw22-spodnie-jeansowe-rider-grey\/"},"modified":"2026-04-20T11:09:19","modified_gmt":"2026-04-20T09:09:19","slug":"aw22-spodnie-jeansowe-rider-grey","status":"publish","type":"product","link":"https:\/\/pgwear.net\/pl\/p\/aw22-spodnie-jeansowe-rider-grey\/","title":{"rendered":"Spodnie Jeansowe &#8220;Rider&#8221; Grey"},"content":{"rendered":"<p>Bez jakiego elementu garderoby nie wyobra\u017casz sobie swojego outfitu zar\u00f3wno na ulicy jak i na stadionie? Produkt idealny na ka\u017cd\u0105 por\u0119 roku? Tak, to JEANSY! Uzupe\u0142nij sw\u00f3j styl ultras minimalistycznymi, ale jednocze\u015bnie swobodnymi i stylowymi d\u017cinsami z bawe\u0142ny premium od PGWEAR! Produkt dost\u0119pny w dw\u00f3ch wersjach kolorystycznych!<\/p>\n","protected":false},"excerpt":{"rendered":"<p>Bez jakiego elementu garderoby nie wyobra\u017casz sobie swojego outfitu zar\u00f3wno na ulicy jak i na stadionie? Produkt idealny na ka\u017cd\u0105 por\u0119 roku? Tak, to JEANSY!<\/p>\n","protected":false},"featured_media":24048,"template":"","meta":{"_acf_changed":false},"product_brand":[],"product_cat":[3501,373],"product_tag":[],"class_list":{"0":"post-24007","1":"product","2":"type-product","3":"status-publish","4":"has-post-thumbnail","6":"product_cat-jeansowe","7":"product_cat-spodnie","8":"pa_gramatura-320gr-m2","9":"pa_kolor-szary","10":"pa_kroj-klasyczny","11":"pa_material-2-elastan","12":"pa_material-98-bawelna","13":"pa_rozmiar-l","14":"pa_rozmiar-m","15":"pa_rozmiar-s","16":"pa_rozmiar-xl","17":"pa_rozmiar-xxl","18":"pa_rozmiar-xxxl","19":"feature-jeans","21":"first","22":"instock","23":"taxable","24":"shipping-taxable","25":"purchasable","26":"product-type-variable"},"acf":[],"_links":{"self":[{"href":"https:\/\/pgwear.net\/pl\/wp-json\/wp\/v2\/product\/24007","targetHints":{"allow":["GET"]}}],"collection":[{"href":"https:\/\/pgwear.net\/pl\/wp-json\/wp\/v2\/product"}],"about":[{"href":"https:\/\/pgwear.net\/pl\/wp-json\/wp\/v2\/types\/product"}],"wp:featuredmedia":[{"embeddable":true,"href":"https:\/\/pgwear.net\/pl\/wp-json\/wp\/v2\/media\/24048"}],"wp:attachment":[{"href":"https:\/\/pgwear.net\/pl\/wp-json\/wp\/v2\/media?parent=24007"}],"wp:term":[{"taxonomy":"product_brand","embeddable":true,"href":"https:\/\/pgwear.net\/pl\/wp-json\/wp\/v2\/product_brand?post=24007"},{"taxonomy":"product_cat","embeddable":true,"href":"https:\/\/pgwear.net\/pl\/wp-json\/wp\/v2\/product_cat?post=24007"},{"taxonomy":"product_tag","embeddable":true,"href":"https:\/\/pgwear.net\/pl\/wp-json\/wp\/v2\/product_tag?post=24007"}],"curies":[{"name":"wp","href":"https:\/\/api.w.org\/{rel}","templated":true}]}}