{"id":241137,"date":"2026-03-23T11:57:28","date_gmt":"2026-03-23T10:57:28","guid":{"rendered":"https:\/\/pgwear.net\/?post_type=product&#038;p=241137"},"modified":"2026-03-26T17:47:12","modified_gmt":"2026-03-26T16:47:12","slug":"sample-track-top","status":"publish","type":"product","link":"https:\/\/pgwear.net\/pl\/p\/sample-track-top\/","title":{"rendered":"SAMPLE Track Top"},"content":{"rendered":"<p>Zanim z\u0142o\u017cysz wi\u0119ksze zam\u00f3wienie w PGWEAR Customs, mo\u017cesz najpierw sprawdzi\u0107 jako\u015b\u0107 naszych produkt\u00f3w na \u017cywo.<\/p>\n<p>Zam\u00f3w produkt pr\u00f3bny i otrzymaj jeden z modeli dost\u0119pnych w naszym sklepie \u2013 dzi\u0119ki temu zobaczysz materia\u0142y, wykonanie oraz dopasowanie przed rozpocz\u0119ciem produkcji w\u0142asnej kolekcji.<\/p>\n<p>To najprostszy spos\u00f3b, aby upewni\u0107 si\u0119, \u017ce wszystko spe\u0142nia Twoje oczekiwania.<\/p>\n<p>Dodatkowo wszystkie produkty pr\u00f3bne wysy\u0142amy ca\u0142kowicie za darmo.<\/p>\n","protected":false},"excerpt":{"rendered":"<p>Zanim z\u0142o\u017cysz wi\u0119ksze zam\u00f3wienie w PGWEAR Customs, mo\u017cesz najpierw sprawdzi\u0107 jako\u015b\u0107 naszych produkt\u00f3w na \u017cywo. Wszystkie produkty pr\u00f3bne wysy\u0142amy ca\u0142kowicie za darmo.<\/p>\n","protected":false},"featured_media":241507,"template":"","meta":{"_acf_changed":false},"product_brand":[],"product_cat":[],"product_tag":[],"class_list":{"0":"post-241137","1":"product","2":"type-product","3":"status-publish","4":"has-post-thumbnail","6":"product_shipping_class-sample","7":"pa_rozmiar-l","8":"pa_rozmiar-m","9":"pa_rozmiar-s","10":"pa_rozmiar-xl","11":"pa_rozmiar-xxl","12":"pa_rozmiar-xxxl","14":"first","15":"instock","16":"taxable","17":"shipping-taxable","18":"purchasable","19":"product-type-variable"},"acf":[],"_links":{"self":[{"href":"https:\/\/pgwear.net\/pl\/wp-json\/wp\/v2\/product\/241137","targetHints":{"allow":["GET"]}}],"collection":[{"href":"https:\/\/pgwear.net\/pl\/wp-json\/wp\/v2\/product"}],"about":[{"href":"https:\/\/pgwear.net\/pl\/wp-json\/wp\/v2\/types\/product"}],"wp:featuredmedia":[{"embeddable":true,"href":"https:\/\/pgwear.net\/pl\/wp-json\/wp\/v2\/media\/241507"}],"wp:attachment":[{"href":"https:\/\/pgwear.net\/pl\/wp-json\/wp\/v2\/media?parent=241137"}],"wp:term":[{"taxonomy":"product_brand","embeddable":true,"href":"https:\/\/pgwear.net\/pl\/wp-json\/wp\/v2\/product_brand?post=241137"},{"taxonomy":"product_cat","embeddable":true,"href":"https:\/\/pgwear.net\/pl\/wp-json\/wp\/v2\/product_cat?post=241137"},{"taxonomy":"product_tag","embeddable":true,"href":"https:\/\/pgwear.net\/pl\/wp-json\/wp\/v2\/product_tag?post=241137"}],"curies":[{"name":"wp","href":"https:\/\/api.w.org\/{rel}","templated":true}]}}