{"id":25001,"date":"2022-06-23T09:44:50","date_gmt":"2022-06-23T07:44:50","guid":{"rendered":"https:\/\/pgwear.net\/p\/kominiarka-tactical-black\/"},"modified":"2026-03-30T10:31:27","modified_gmt":"2026-03-30T08:31:27","slug":"czarna-kominiarka-tactical","status":"publish","type":"product","link":"https:\/\/pgwear.net\/pl\/p\/czarna-kominiarka-tactical\/","title":{"rendered":"Czarna kominiarka &#8220;Tactical&#8221;"},"content":{"rendered":"<p>W PGWEAR rozumiemy jak wa\u017cna jest ochrona oczu i twarzy, dlatego prezentujemy najnowszy rodzaj kominiarki, kt\u00f3ry gwarantuje 100% anonimowo\u015b\u0107!<\/p>\n","protected":false},"excerpt":{"rendered":"<p>W PGWEAR rozumiemy jak wa\u017cna jest ochrona oczu i twarzy, dlatego prezentujemy najnowszy rodzaj kominiarki, kt\u00f3ry gwarantuje 100% anonimowo\u015b\u0107!<\/p>\n","protected":false},"featured_media":25020,"template":"","meta":{"_acf_changed":false},"product_brand":[],"product_cat":[370,3512,376],"product_tag":[],"class_list":{"0":"post-25001","1":"product","2":"type-product","3":"status-publish","4":"has-post-thumbnail","6":"product_cat-kominiarki","7":"product_cat-komiarki","8":"product_cat-nowosci","9":"pa_gramatura-180-gr-m2","10":"pa_kolor-czarny","11":"pa_material-4-lycra","12":"pa_material-96-bawelna","14":"first","15":"instock","16":"taxable","17":"shipping-taxable","18":"purchasable","19":"product-type-simple"},"acf":[],"_links":{"self":[{"href":"https:\/\/pgwear.net\/pl\/wp-json\/wp\/v2\/product\/25001","targetHints":{"allow":["GET"]}}],"collection":[{"href":"https:\/\/pgwear.net\/pl\/wp-json\/wp\/v2\/product"}],"about":[{"href":"https:\/\/pgwear.net\/pl\/wp-json\/wp\/v2\/types\/product"}],"wp:featuredmedia":[{"embeddable":true,"href":"https:\/\/pgwear.net\/pl\/wp-json\/wp\/v2\/media\/25020"}],"wp:attachment":[{"href":"https:\/\/pgwear.net\/pl\/wp-json\/wp\/v2\/media?parent=25001"}],"wp:term":[{"taxonomy":"product_brand","embeddable":true,"href":"https:\/\/pgwear.net\/pl\/wp-json\/wp\/v2\/product_brand?post=25001"},{"taxonomy":"product_cat","embeddable":true,"href":"https:\/\/pgwear.net\/pl\/wp-json\/wp\/v2\/product_cat?post=25001"},{"taxonomy":"product_tag","embeddable":true,"href":"https:\/\/pgwear.net\/pl\/wp-json\/wp\/v2\/product_tag?post=25001"}],"curies":[{"name":"wp","href":"https:\/\/api.w.org\/{rel}","templated":true}]}}