{"id":25635,"date":"2022-07-11T11:31:57","date_gmt":"2022-07-11T09:31:57","guid":{"rendered":"https:\/\/pgwear.net\/p\/swr22-bluza-z-maska-cards\/"},"modified":"2026-04-10T14:48:16","modified_gmt":"2026-04-10T12:48:16","slug":"bluza-z-maska-cards","status":"publish","type":"product","link":"https:\/\/pgwear.net\/pl\/p\/bluza-z-maska-cards\/","title":{"rendered":"Bluza z mask\u0105 &#8220;Cards&#8221;"},"content":{"rendered":"<p>Chcesz zagra\u0107 w gr\u0119? Zgadnij kto jest najwi\u0119kszym wrogiem wszystkich ultras\u00f3w i chuligan\u00f3w? Tak, to w\u0142a\u015bnie <a href=\"https:\/\/pgwear.net\/pl\/feature\/1312\/\">1312<\/a>! Z dum\u0105 rozpowszechniaj to przes\u0142anie na ulicy jak i na stadionie! No\u015b je w formie jednego z wielkich nadruk\u00f3w w stylu ultras, z kt\u00f3rych s\u0142ynie PGWEAR! A dzi\u0119ki wszytej wewn\u0105trz kaptura masce zakryjesz swoj\u0105 twarz przed wszystkimi wrogami! PGWEAR ULTRAS SHOP gwarantuje zawsze najlepsz\u0105 jako\u015b\u0107! Produkt wyprodukowany w Europie, w Polsce przez PGWEAR CUSTOMS.<\/p>\n","protected":false},"excerpt":{"rendered":"<p>Chcesz zagra\u0107 w gr\u0119? Zgadnij kto jest najwi\u0119kszym wrogiem wszystkich ultras\u00f3w i chuligan\u00f3w? Tak, to w\u0142a\u015bnie 1312!<\/p>\n","protected":false},"featured_media":25803,"template":"","meta":{"_acf_changed":false},"product_brand":[],"product_cat":[371,3490,3493,376],"product_tag":[1545,3839,3277],"class_list":{"0":"post-25635","1":"product","2":"type-product","3":"status-publish","4":"has-post-thumbnail","6":"product_cat-bluzy","7":"product_cat-bluzy-z-kapturem","8":"product_cat-bluzy-z-kominiarka","9":"product_cat-nowosci","10":"product_tag-best-of-the-best","11":"product_tag-blue-monday","12":"product_tag-ostatnie-sztuki","13":"pa_gramatura-340-gr-m2","14":"pa_kolekcja-jesien-zima-2022","15":"pa_kolor-czarny","16":"pa_kroj-klasyczny","17":"pa_material-100-bawelna","18":"pa_nadruk-duzy-nadruk-na-klatce-piersiowej","19":"pa_nadruk-duzy-nadruk-na-plecach","20":"pa_rozmiar-l","21":"pa_rozmiar-m","22":"pa_rozmiar-s","23":"pa_rozmiar-xl","24":"pa_rozmiar-xxl","25":"pa_rozmiar-xxxl","26":"feature-wbudowana-maska","28":"first","29":"instock","30":"sale","31":"taxable","32":"shipping-taxable","33":"purchasable","34":"product-type-variable"},"acf":[],"_links":{"self":[{"href":"https:\/\/pgwear.net\/pl\/wp-json\/wp\/v2\/product\/25635","targetHints":{"allow":["GET"]}}],"collection":[{"href":"https:\/\/pgwear.net\/pl\/wp-json\/wp\/v2\/product"}],"about":[{"href":"https:\/\/pgwear.net\/pl\/wp-json\/wp\/v2\/types\/product"}],"wp:featuredmedia":[{"embeddable":true,"href":"https:\/\/pgwear.net\/pl\/wp-json\/wp\/v2\/media\/25803"}],"wp:attachment":[{"href":"https:\/\/pgwear.net\/pl\/wp-json\/wp\/v2\/media?parent=25635"}],"wp:term":[{"taxonomy":"product_brand","embeddable":true,"href":"https:\/\/pgwear.net\/pl\/wp-json\/wp\/v2\/product_brand?post=25635"},{"taxonomy":"product_cat","embeddable":true,"href":"https:\/\/pgwear.net\/pl\/wp-json\/wp\/v2\/product_cat?post=25635"},{"taxonomy":"product_tag","embeddable":true,"href":"https:\/\/pgwear.net\/pl\/wp-json\/wp\/v2\/product_tag?post=25635"}],"curies":[{"name":"wp","href":"https:\/\/api.w.org\/{rel}","templated":true}]}}