{"id":25642,"date":"2022-07-11T11:31:58","date_gmt":"2022-07-11T09:31:58","guid":{"rendered":"https:\/\/pgwear.net\/p\/swr22-bluza-z-maska-no-justice-no-peace\/"},"modified":"2026-03-24T10:07:22","modified_gmt":"2026-03-24T09:07:22","slug":"swr22-bluza-z-maska-no-justice-no-peace","status":"publish","type":"product","link":"https:\/\/pgwear.net\/pl\/p\/swr22-bluza-z-maska-no-justice-no-peace\/","title":{"rendered":"Bluza z mask\u0105 No Justice &#8211; No Peace"},"content":{"rendered":"<p>S\u0142ynny du\u017cy i kolorowy nadruk od PGWEAR? Maska wszyta wewn\u0105trz kaptura, tak aby zakry\u0107 twarz przed policj\u0105 i kamerami CCTV? Znany slogan ze \u015bwiata ultras? Najwy\u017cszej jako\u015bci bawe\u0142na? Oczywi\u015bcie! Wszystko w jednym produkcie \u2013 bluza z kapturem No Justice &#8211; No Peace! PGWEAR ULTRAS SHOP gwarantuje zawsze najlepsz\u0105 jako\u015b\u0107! Produkt wyprodukowany w Europie, w Polsce przez PGWEAR CUSTOMS.<\/p>\n","protected":false},"excerpt":{"rendered":"<p>S\u0142ynny du\u017cy i kolorowy nadruk od PGWEAR? Maska wszyta wewn\u0105trz kaptura, tak aby zakry\u0107 twarz przed policj\u0105 i kamerami CCTV?<\/p>\n","protected":false},"featured_media":25897,"template":"","meta":{"_acf_changed":false},"product_brand":[],"product_cat":[371,3490,3493,376],"product_tag":[1545],"class_list":{"0":"post-25642","1":"product","2":"type-product","3":"status-publish","4":"has-post-thumbnail","6":"product_cat-bluzy","7":"product_cat-bluzy-z-kapturem","8":"product_cat-bluzy-z-kominiarka","9":"product_cat-nowosci","10":"product_tag-best-of-the-best","11":"pa_gramatura-340-gr-m2","12":"pa_kolekcja-jesien-zima-2022","13":"pa_kolor-czarny","14":"pa_kroj-klasyczny","15":"pa_material-100-bawelna","16":"pa_nadruk-duzy-nadruk-na-klatce-piersiowej","17":"pa_nadruk-duzy-nadruk-na-plecach","18":"pa_rozmiar-l","19":"pa_rozmiar-m","20":"pa_rozmiar-s","21":"pa_rozmiar-xl","22":"pa_rozmiar-xxl","23":"pa_rozmiar-xxxl","24":"feature-wbudowana-maska","26":"first","27":"instock","28":"taxable","29":"shipping-taxable","30":"purchasable","31":"product-type-variable"},"acf":[],"_links":{"self":[{"href":"https:\/\/pgwear.net\/pl\/wp-json\/wp\/v2\/product\/25642","targetHints":{"allow":["GET"]}}],"collection":[{"href":"https:\/\/pgwear.net\/pl\/wp-json\/wp\/v2\/product"}],"about":[{"href":"https:\/\/pgwear.net\/pl\/wp-json\/wp\/v2\/types\/product"}],"wp:featuredmedia":[{"embeddable":true,"href":"https:\/\/pgwear.net\/pl\/wp-json\/wp\/v2\/media\/25897"}],"wp:attachment":[{"href":"https:\/\/pgwear.net\/pl\/wp-json\/wp\/v2\/media?parent=25642"}],"wp:term":[{"taxonomy":"product_brand","embeddable":true,"href":"https:\/\/pgwear.net\/pl\/wp-json\/wp\/v2\/product_brand?post=25642"},{"taxonomy":"product_cat","embeddable":true,"href":"https:\/\/pgwear.net\/pl\/wp-json\/wp\/v2\/product_cat?post=25642"},{"taxonomy":"product_tag","embeddable":true,"href":"https:\/\/pgwear.net\/pl\/wp-json\/wp\/v2\/product_tag?post=25642"}],"curies":[{"name":"wp","href":"https:\/\/api.w.org\/{rel}","templated":true}]}}