{"id":25649,"date":"2022-07-11T11:31:59","date_gmt":"2022-07-11T09:31:59","guid":{"rendered":"https:\/\/pgwear.net\/p\/swr22-bluza-z-maska-skull\/"},"modified":"2026-03-26T10:07:30","modified_gmt":"2026-03-26T09:07:30","slug":"swr22-bluza-z-maska-skull","status":"publish","type":"product","link":"https:\/\/pgwear.net\/pl\/p\/swr22-bluza-z-maska-skull\/","title":{"rendered":"Bluza z mask\u0105 &#8220;Skull&#8221;"},"content":{"rendered":"<p>Za du\u017co policji i kamer na stadionie? Nie ma si\u0119 czym martwi\u0107, ta minimalistyczna czarna bluza z kapturem nie przyci\u0105gnie niczyjej uwagi. I jeszcze jedno &#8211; posiada wyj\u0105tkowy detal, kt\u00f3ry jest prawdziw\u0105 ikon\u0105 stylu ultras i wykonany tylko przez PGWEAR ULTRAS SHOP! Kominiarka z motywem czaszki wszyta wewn\u0105trz kaptura! Zakryj swoj\u0105 twarz, dzi\u0119ki temu zachowasz bezpiecze\u0144stwo i b\u0119dziesz anonimowy w czasie odpalania pyro! Marka PGWEAR gwarantuje zawsze najlepsz\u0105 jako\u015b\u0107! Produkt wyprodukowany w w Europie, w Polsce przez PGWEAR CUSTOMS.<\/p>\n","protected":false},"excerpt":{"rendered":"<p>Za du\u017co policji i kamer na stadionie? Nie ma si\u0119 czym martwi\u0107, ta minimalistyczna czarna bluza z kapturem nie przyci\u0105gnie niczyjej uwagi.<\/p>\n","protected":false},"featured_media":25933,"template":"","meta":{"_acf_changed":false},"product_brand":[],"product_cat":[371,3490,3493,376],"product_tag":[1545],"class_list":{"0":"post-25649","1":"product","2":"type-product","3":"status-publish","4":"has-post-thumbnail","6":"product_cat-bluzy","7":"product_cat-bluzy-z-kapturem","8":"product_cat-bluzy-z-kominiarka","9":"product_cat-nowosci","10":"product_tag-best-of-the-best","11":"pa_gramatura-290-gr-m2","12":"pa_kolekcja-jesien-zima-2022","13":"pa_kolor-czarny","14":"pa_kroj-klasyczny","15":"pa_material-100-bawelna","16":"pa_nadruk-na-srodku-nadruk","17":"pa_rozmiar-l","18":"pa_rozmiar-m","19":"pa_rozmiar-s","20":"pa_rozmiar-xl","21":"pa_rozmiar-xxl","22":"pa_rozmiar-xxxl","23":"feature-czaszka","24":"feature-ukryta-kieszen","25":"feature-wbudowana-maska","27":"first","28":"instock","29":"taxable","30":"shipping-taxable","31":"purchasable","32":"product-type-variable"},"acf":[],"_links":{"self":[{"href":"https:\/\/pgwear.net\/pl\/wp-json\/wp\/v2\/product\/25649","targetHints":{"allow":["GET"]}}],"collection":[{"href":"https:\/\/pgwear.net\/pl\/wp-json\/wp\/v2\/product"}],"about":[{"href":"https:\/\/pgwear.net\/pl\/wp-json\/wp\/v2\/types\/product"}],"wp:featuredmedia":[{"embeddable":true,"href":"https:\/\/pgwear.net\/pl\/wp-json\/wp\/v2\/media\/25933"}],"wp:attachment":[{"href":"https:\/\/pgwear.net\/pl\/wp-json\/wp\/v2\/media?parent=25649"}],"wp:term":[{"taxonomy":"product_brand","embeddable":true,"href":"https:\/\/pgwear.net\/pl\/wp-json\/wp\/v2\/product_brand?post=25649"},{"taxonomy":"product_cat","embeddable":true,"href":"https:\/\/pgwear.net\/pl\/wp-json\/wp\/v2\/product_cat?post=25649"},{"taxonomy":"product_tag","embeddable":true,"href":"https:\/\/pgwear.net\/pl\/wp-json\/wp\/v2\/product_tag?post=25649"}],"curies":[{"name":"wp","href":"https:\/\/api.w.org\/{rel}","templated":true}]}}