{"id":25656,"date":"2022-07-11T11:32:00","date_gmt":"2022-07-11T09:32:00","guid":{"rendered":"https:\/\/pgwear.net\/p\/swr22-football-jersey-acab-pure\/"},"modified":"2026-04-07T12:36:21","modified_gmt":"2026-04-07T10:36:21","slug":"swr22-football-jersey-acab-pure","status":"publish","type":"product","link":"https:\/\/pgwear.net\/pl\/p\/swr22-football-jersey-acab-pure\/","title":{"rendered":"Football Jersey &#8220;ACAB PURE&#8221;"},"content":{"rendered":"<p>Jakie\u015b 10 lat temu kto\u015b napisa\u0142 zwrot \u201eACAB\u201d w bardzo elegancki spos\u00f3b na porysowanej \u015bcianie. A kto\u015b inny zrobi\u0142 mu zdj\u0119cie. I to zdj\u0119cie posz\u0142o w \u015bwiat i szybko sta\u0142o si\u0119 jednym z najbardziej kultowych element\u00f3w \u015bwiata ultras\u00f3w. Przywracamy te kultowe has\u0142o ze stadion\u00f3w i \u015bcian, tym razem na koszulce pi\u0142karskiej! No\u015b je dumnie na ulicy i na stadionie! PGWEAR ULTRAS SHOP gwarantuje najlepsz\u0105 jako\u015b\u0107! Produkt wyprodukowany w Europie, w Polsce przez PGWEAR CUSTOMS.<\/p>\n","protected":false},"excerpt":{"rendered":"<p>Jakie\u015b 10 lat temu kto\u015b napisa\u0142 zwrot \u201eACAB\u201d w bardzo elegancki spos\u00f3b na porysowanej \u015bcianie. A kto\u015b inny zrobi\u0142 mu zdj\u0119cie.<\/p>\n","protected":false},"featured_media":25992,"template":"","meta":{"_acf_changed":false},"product_brand":[],"product_cat":[376,372],"product_tag":[3839],"class_list":{"0":"post-25656","1":"product","2":"type-product","3":"status-publish","4":"has-post-thumbnail","6":"product_cat-nowosci","7":"product_cat-t-shirty","8":"product_tag-blue-monday","9":"pa_gramatura-160-gr-m2","10":"pa_kolekcja-jesien-zima-2022","11":"pa_kolor-niebieski","12":"pa_kolor-zolty-niebieski","13":"pa_kroj-klasyczny","14":"pa_material-100-poliester","15":"pa_nadruk-nadruk-na-calej-powierzchni","16":"pa_rozmiar-l","17":"pa_rozmiar-m","18":"pa_rozmiar-s","19":"pa_rozmiar-xl","20":"pa_rozmiar-xxl","21":"pa_rozmiar-xxxl","22":"feature-acab","23":"feature-koszulka-pilkarska","25":"first","26":"instock","27":"taxable","28":"shipping-taxable","29":"purchasable","30":"product-type-variable"},"acf":[],"_links":{"self":[{"href":"https:\/\/pgwear.net\/pl\/wp-json\/wp\/v2\/product\/25656","targetHints":{"allow":["GET"]}}],"collection":[{"href":"https:\/\/pgwear.net\/pl\/wp-json\/wp\/v2\/product"}],"about":[{"href":"https:\/\/pgwear.net\/pl\/wp-json\/wp\/v2\/types\/product"}],"wp:featuredmedia":[{"embeddable":true,"href":"https:\/\/pgwear.net\/pl\/wp-json\/wp\/v2\/media\/25992"}],"wp:attachment":[{"href":"https:\/\/pgwear.net\/pl\/wp-json\/wp\/v2\/media?parent=25656"}],"wp:term":[{"taxonomy":"product_brand","embeddable":true,"href":"https:\/\/pgwear.net\/pl\/wp-json\/wp\/v2\/product_brand?post=25656"},{"taxonomy":"product_cat","embeddable":true,"href":"https:\/\/pgwear.net\/pl\/wp-json\/wp\/v2\/product_cat?post=25656"},{"taxonomy":"product_tag","embeddable":true,"href":"https:\/\/pgwear.net\/pl\/wp-json\/wp\/v2\/product_tag?post=25656"}],"curies":[{"name":"wp","href":"https:\/\/api.w.org\/{rel}","templated":true}]}}