{"id":25663,"date":"2022-07-11T11:32:00","date_gmt":"2022-07-11T09:32:00","guid":{"rendered":"https:\/\/pgwear.net\/p\/swr22-t-shirt-1312\/"},"modified":"2026-03-24T12:19:49","modified_gmt":"2026-03-24T11:19:49","slug":"swr22-t-shirt-1312","status":"publish","type":"product","link":"https:\/\/pgwear.net\/pl\/p\/swr22-t-shirt-1312\/","title":{"rendered":"T-shirt &#8220;1312&#8221;"},"content":{"rendered":"<p>Znacie ju\u017c bardzo dobrze ten wz\u00f3r i wiemy, \u017ce przypad\u0142 wam do gustu! Koszulka ze s\u0142ynnym motywem \u201e1312\u201d wykonanym z rac, b\u0119dzie si\u0119 \u015bwietnie prezentowa\u0142a w upalne letnie dni! No\u015b j\u0105 dumnie na ulicy oraz na stadionie! PGWEAR ULTRAS SHOP gwarantuje zawsze najlepsz\u0105 jako\u015b\u0107! Produkt wyprodukowany w Europie, w Polsce przez PGWEAR CUSTOMS.<\/p>\n","protected":false},"excerpt":{"rendered":"<p>Znacie ju\u017c bardzo dobrze ten wz\u00f3r i wiemy, \u017ce przypad\u0142 wam do gustu!<\/p>\n","protected":false},"featured_media":25965,"template":"","meta":{"_acf_changed":false},"product_brand":[],"product_cat":[376,372],"product_tag":[1545],"class_list":{"0":"post-25663","1":"product","2":"type-product","3":"status-publish","4":"has-post-thumbnail","6":"product_cat-nowosci","7":"product_cat-t-shirty","8":"product_tag-best-of-the-best","9":"pa_gramatura-180-gr-m2","10":"pa_kolekcja-jesien-zima-2022","11":"pa_kolor-czarny","12":"pa_kroj-klasyczny","13":"pa_material-100-bawelna","14":"pa_nadruk-duzy-nadruk-na-klatce-piersiowej","15":"pa_rozmiar-l","16":"pa_rozmiar-m","17":"pa_rozmiar-s","18":"pa_rozmiar-xl","19":"pa_rozmiar-xxl","20":"pa_rozmiar-xxxl","21":"feature-2211","22":"feature-motyw-pyro","24":"first","25":"instock","26":"taxable","27":"shipping-taxable","28":"purchasable","29":"product-type-variable"},"acf":[],"_links":{"self":[{"href":"https:\/\/pgwear.net\/pl\/wp-json\/wp\/v2\/product\/25663","targetHints":{"allow":["GET"]}}],"collection":[{"href":"https:\/\/pgwear.net\/pl\/wp-json\/wp\/v2\/product"}],"about":[{"href":"https:\/\/pgwear.net\/pl\/wp-json\/wp\/v2\/types\/product"}],"wp:featuredmedia":[{"embeddable":true,"href":"https:\/\/pgwear.net\/pl\/wp-json\/wp\/v2\/media\/25965"}],"wp:attachment":[{"href":"https:\/\/pgwear.net\/pl\/wp-json\/wp\/v2\/media?parent=25663"}],"wp:term":[{"taxonomy":"product_brand","embeddable":true,"href":"https:\/\/pgwear.net\/pl\/wp-json\/wp\/v2\/product_brand?post=25663"},{"taxonomy":"product_cat","embeddable":true,"href":"https:\/\/pgwear.net\/pl\/wp-json\/wp\/v2\/product_cat?post=25663"},{"taxonomy":"product_tag","embeddable":true,"href":"https:\/\/pgwear.net\/pl\/wp-json\/wp\/v2\/product_tag?post=25663"}],"curies":[{"name":"wp","href":"https:\/\/api.w.org\/{rel}","templated":true}]}}