{"id":25677,"date":"2022-07-11T11:32:03","date_gmt":"2022-07-11T09:32:03","guid":{"rendered":"https:\/\/pgwear.net\/p\/swr22-t-shirt-best-days\/"},"modified":"2026-04-20T11:21:25","modified_gmt":"2026-04-20T09:21:25","slug":"swr22-t-shirt-best-days","status":"publish","type":"product","link":"https:\/\/pgwear.net\/pl\/p\/swr22-t-shirt-best-days\/","title":{"rendered":"T-shirt &#8220;Best Days&#8221;"},"content":{"rendered":"<p>Czy znasz co\u015b lepszego ni\u017c weekend na meczu wyjazdowym i kibicowanie swojej ukochanej dru\u017cynie? Oczywi\u015bcie, \u017ce nie! Poniewa\u017c najlepsze dni ,to dni na meczu wyjazdowym! Zabierz ze sob\u0105 piwo oraz lojalnych kumpli, wskoczcie razem do autobusu i przygotujcie si\u0119 na przygody! PGWEAR ULTRAS SHOP gwarantuje zawsze najlepsz\u0105 jako\u015b\u0107! Produkt wyprodukowany w Europie, w Polsce przez PGWEAR CUSTOMS.<\/p>\n","protected":false},"excerpt":{"rendered":"<p>Czy znasz co\u015b lepszego ni\u017c weekend na meczu wyjazdowym i kibicowanie swojej ukochanej dru\u017cynie? Oczywi\u015bcie, \u017ce nie!<\/p>\n","protected":false},"featured_media":26057,"template":"","meta":{"_acf_changed":false},"product_brand":[],"product_cat":[376,372],"product_tag":[],"class_list":{"0":"post-25677","1":"product","2":"type-product","3":"status-publish","4":"has-post-thumbnail","6":"product_cat-nowosci","7":"product_cat-t-shirty","8":"pa_gramatura-180-gr-m2","9":"pa_kolekcja-jesien-zima-2022","10":"pa_kolor-granatowy","11":"pa_kroj-klasyczny","12":"pa_material-100-bawelna","13":"pa_nadruk-duzy-nadruk-na-klatce-piersiowej","14":"pa_rozmiar-l","15":"pa_rozmiar-m","16":"pa_rozmiar-s","17":"pa_rozmiar-xl","18":"pa_rozmiar-xxl","19":"pa_rozmiar-xxxl","20":"feature-wyjazd","22":"first","23":"instock","24":"taxable","25":"shipping-taxable","26":"purchasable","27":"product-type-variable"},"acf":[],"_links":{"self":[{"href":"https:\/\/pgwear.net\/pl\/wp-json\/wp\/v2\/product\/25677","targetHints":{"allow":["GET"]}}],"collection":[{"href":"https:\/\/pgwear.net\/pl\/wp-json\/wp\/v2\/product"}],"about":[{"href":"https:\/\/pgwear.net\/pl\/wp-json\/wp\/v2\/types\/product"}],"wp:featuredmedia":[{"embeddable":true,"href":"https:\/\/pgwear.net\/pl\/wp-json\/wp\/v2\/media\/26057"}],"wp:attachment":[{"href":"https:\/\/pgwear.net\/pl\/wp-json\/wp\/v2\/media?parent=25677"}],"wp:term":[{"taxonomy":"product_brand","embeddable":true,"href":"https:\/\/pgwear.net\/pl\/wp-json\/wp\/v2\/product_brand?post=25677"},{"taxonomy":"product_cat","embeddable":true,"href":"https:\/\/pgwear.net\/pl\/wp-json\/wp\/v2\/product_cat?post=25677"},{"taxonomy":"product_tag","embeddable":true,"href":"https:\/\/pgwear.net\/pl\/wp-json\/wp\/v2\/product_tag?post=25677"}],"curies":[{"name":"wp","href":"https:\/\/api.w.org\/{rel}","templated":true}]}}