{"id":25691,"date":"2022-07-11T11:32:05","date_gmt":"2022-07-11T09:32:05","guid":{"rendered":"https:\/\/pgwear.net\/p\/swr22-t-shirt-its-my-drug\/"},"modified":"2026-04-07T13:48:21","modified_gmt":"2026-04-07T11:48:21","slug":"swr22-t-shirt-its-my-drug","status":"publish","type":"product","link":"https:\/\/pgwear.net\/pl\/p\/swr22-t-shirt-its-my-drug\/","title":{"rendered":"T-shirt &#8220;It&#8217;s my drug&#8221; Szary"},"content":{"rendered":"<p>Piwo, sprzeciw wobec nowoczesnego futbolu oraz pyro \u2013 trzy symbole kultury ultras, bez kt\u00f3rych \u017caden ruch kibicowski nie mo\u017ce si\u0119 obej\u015b\u0107! Piwo symbolizuje czas relaksu z lojalnymi kumplami w pubie, podczas wyjazd\u00f3w lub w lokalnym pubie. Pi\u0142ka AMF przedstawia wszystkie najwa\u017cniejsze warto\u015bci kultury pi\u0142karskiej, kt\u00f3re nie zosta\u0142y jeszcze zniszczone przez pieni\u0105dze. Ostatnie, ale nie mniej wa\u017cne, s\u0105 race \u2013 symbol naszej pasji i mi\u0142o\u015bci podczas kibicowania na stadionie! To s\u0105 nasze uzale\u017cnienia! PGWEAR ULTRAS SHOP gwarantuje zawsze najlepsz\u0105 jako\u015b\u0107! Produkt wyprodukowany w Europie, w Polsce przez PGWEAR CUSTOMS.<\/p>\n","protected":false},"excerpt":{"rendered":"<p>Piwo, sprzeciw wobec nowoczesnego futbolu oraz pyro \u2013 trzy symbole kultury ultras, bez kt\u00f3rych \u017caden ruch kibicowski nie mo\u017ce si\u0119 obej\u015b\u0107!<\/p>\n","protected":false},"featured_media":26110,"template":"","meta":{"_acf_changed":false},"product_brand":[],"product_cat":[376,372],"product_tag":[1545],"class_list":{"0":"post-25691","1":"product","2":"type-product","3":"status-publish","4":"has-post-thumbnail","6":"product_cat-nowosci","7":"product_cat-t-shirty","8":"product_tag-best-of-the-best","9":"pa_gramatura-180-gr-m2","10":"pa_kolekcja-jesien-zima-2022","11":"pa_kolor-szary","12":"pa_kroj-klasyczny","13":"pa_material-100-bawelna","14":"pa_nadruk-duzy-nadruk-na-klatce-piersiowej","15":"pa_rozmiar-l","16":"pa_rozmiar-m","17":"pa_rozmiar-s","18":"pa_rozmiar-xl","19":"pa_rozmiar-xxl","20":"pa_rozmiar-xxxl","21":"feature-motyw-pilki","22":"feature-motyw-piwa","23":"feature-motyw-pyro","25":"first","26":"instock","27":"taxable","28":"shipping-taxable","29":"purchasable","30":"product-type-variable"},"acf":[],"_links":{"self":[{"href":"https:\/\/pgwear.net\/pl\/wp-json\/wp\/v2\/product\/25691","targetHints":{"allow":["GET"]}}],"collection":[{"href":"https:\/\/pgwear.net\/pl\/wp-json\/wp\/v2\/product"}],"about":[{"href":"https:\/\/pgwear.net\/pl\/wp-json\/wp\/v2\/types\/product"}],"wp:featuredmedia":[{"embeddable":true,"href":"https:\/\/pgwear.net\/pl\/wp-json\/wp\/v2\/media\/26110"}],"wp:attachment":[{"href":"https:\/\/pgwear.net\/pl\/wp-json\/wp\/v2\/media?parent=25691"}],"wp:term":[{"taxonomy":"product_brand","embeddable":true,"href":"https:\/\/pgwear.net\/pl\/wp-json\/wp\/v2\/product_brand?post=25691"},{"taxonomy":"product_cat","embeddable":true,"href":"https:\/\/pgwear.net\/pl\/wp-json\/wp\/v2\/product_cat?post=25691"},{"taxonomy":"product_tag","embeddable":true,"href":"https:\/\/pgwear.net\/pl\/wp-json\/wp\/v2\/product_tag?post=25691"}],"curies":[{"name":"wp","href":"https:\/\/api.w.org\/{rel}","templated":true}]}}