{"id":25712,"date":"2022-07-11T11:32:07","date_gmt":"2022-07-11T09:32:07","guid":{"rendered":"https:\/\/pgwear.net\/p\/swr22-t-shirt-no-football-without-alcohol\/"},"modified":"2026-03-24T12:32:42","modified_gmt":"2026-03-24T11:32:42","slug":"t-shirt-no-football-without-alcohol","status":"publish","type":"product","link":"https:\/\/pgwear.net\/pl\/p\/t-shirt-no-football-without-alcohol\/","title":{"rendered":"T-shirt &#8220;No Football Without Alcohol&#8221;"},"content":{"rendered":"<p>W kulturze pi\u0142karskiej alkohol to nie tylko nap\u00f3j! Kojarzy si\u0119 przede wszystkim z meczami wyjazdowymi pe\u0142nymi przyg\u00f3d, rado\u015bci\u0105 na trybunach po strzelonej bramce, nieko\u0144cz\u0105cymi si\u0119 spotkaniami z kumplami w miejscowym pubie\u2026 Koszulka ta pokazuje r\u00f3\u017cnego rodzaju trunki i jak wa\u017cne jest bycia cz\u0119\u015bci\u0105 fandomu pi\u0142karskiego \u2013 je\u015bli do niego nale\u017cysz, nigdy nie b\u0119dziesz pi\u0142 sam, bez wzgl\u0119du na to, jaki nap\u00f3j wybierzesz! PGWEAR ULTRAS SHOP gwarantuje zawsze najlepsz\u0105 jako\u015b\u0107! Produkt wyprodukowany w Europie, w Polsce przez PGWEAR CUSTOMS.<\/p>\n","protected":false},"excerpt":{"rendered":"<p>W kulturze pi\u0142karskiej alkohol to nie tylko nap\u00f3j! Kojarzy si\u0119 przede wszystkim z meczami wyjazdowymi pe\u0142nymi przyg\u00f3d, rado\u015bci\u0105 na trybunach po strzelonej bramce, nieko\u0144cz\u0105cymi si\u0119 spotkaniami z kumplami w miejscowym pubie\u2026<\/p>\n","protected":false},"featured_media":26201,"template":"","meta":{"_acf_changed":false},"product_brand":[],"product_cat":[376,372],"product_tag":[],"class_list":{"0":"post-25712","1":"product","2":"type-product","3":"status-publish","4":"has-post-thumbnail","6":"product_cat-nowosci","7":"product_cat-t-shirty","8":"pa_gramatura-180-gr-m2","9":"pa_kolekcja-jesien-zima-2022","10":"pa_kolor-szary","11":"pa_kroj-klasyczny","12":"pa_material-100-bawelna","13":"pa_nadruk-duzy-nadruk-na-klatce-piersiowej","14":"pa_rozmiar-l","15":"pa_rozmiar-m","16":"pa_rozmiar-s","17":"pa_rozmiar-xl","18":"pa_rozmiar-xxl","19":"pa_rozmiar-xxxl","20":"feature-motyw-piwa","22":"first","23":"instock","24":"taxable","25":"shipping-taxable","26":"purchasable","27":"product-type-variable"},"acf":[],"_links":{"self":[{"href":"https:\/\/pgwear.net\/pl\/wp-json\/wp\/v2\/product\/25712","targetHints":{"allow":["GET"]}}],"collection":[{"href":"https:\/\/pgwear.net\/pl\/wp-json\/wp\/v2\/product"}],"about":[{"href":"https:\/\/pgwear.net\/pl\/wp-json\/wp\/v2\/types\/product"}],"wp:featuredmedia":[{"embeddable":true,"href":"https:\/\/pgwear.net\/pl\/wp-json\/wp\/v2\/media\/26201"}],"wp:attachment":[{"href":"https:\/\/pgwear.net\/pl\/wp-json\/wp\/v2\/media?parent=25712"}],"wp:term":[{"taxonomy":"product_brand","embeddable":true,"href":"https:\/\/pgwear.net\/pl\/wp-json\/wp\/v2\/product_brand?post=25712"},{"taxonomy":"product_cat","embeddable":true,"href":"https:\/\/pgwear.net\/pl\/wp-json\/wp\/v2\/product_cat?post=25712"},{"taxonomy":"product_tag","embeddable":true,"href":"https:\/\/pgwear.net\/pl\/wp-json\/wp\/v2\/product_tag?post=25712"}],"curies":[{"name":"wp","href":"https:\/\/api.w.org\/{rel}","templated":true}]}}