{"id":25726,"date":"2022-07-11T11:32:08","date_gmt":"2022-07-11T09:32:08","guid":{"rendered":"https:\/\/pgwear.net\/p\/swr22-t-shirt-we-love-this-game\/"},"modified":"2026-03-24T12:32:44","modified_gmt":"2026-03-24T11:32:44","slug":"t-shirt-we-love-this-game","status":"publish","type":"product","link":"https:\/\/pgwear.net\/pl\/p\/t-shirt-we-love-this-game\/","title":{"rendered":"T-shirt &#8220;We love this game&#8221;"},"content":{"rendered":"<p>Czasami wygrywamy, czasami przegrywamy. Niewa\u017cne, jaki b\u0119dzie wynik, w ko\u0144cu najbardziej licz\u0105 si\u0119 prze\u017cyte przygody z lojalnymi kumplami, niezliczone kilometry w drodze na mecz wyjazdowy i wszystkie te bezcenne chwile zwi\u0105zane z pi\u0142k\u0105 no\u017cn\u0105! Kochamy t\u0119 gr\u0119! PGWEAR ULTRAS SHOP gwarantuje najlepsz\u0105 jako\u015b\u0107! Produkt wyprodukowany w Europie, w Polsce przez PGWEAR CUSTOMS.<\/p>\n","protected":false},"excerpt":{"rendered":"<p>Czasami wygrywamy, czasami przegrywamy. Niewa\u017cne, jaki b\u0119dzie wynik, w ko\u0144cu najbardziej licz\u0105 si\u0119 prze\u017cyte przygody z lojalnymi kumplami, niezliczone kilometry w drodze na mecz wyjazdowy i wszystkie te bezcenne chwile zwi\u0105zane z pi\u0142k\u0105 no\u017cn\u0105!<\/p>\n","protected":false},"featured_media":26224,"template":"","meta":{"_acf_changed":false},"product_brand":[],"product_cat":[376,372],"product_tag":[3845],"class_list":{"0":"post-25726","1":"product","2":"type-product","3":"status-publish","4":"has-post-thumbnail","6":"product_cat-nowosci","7":"product_cat-t-shirty","8":"product_tag-love","9":"pa_gramatura-180-gr-m2","10":"pa_kolekcja-jesien-zima-2022","11":"pa_kolor-granatowy","12":"pa_kroj-klasyczny","13":"pa_material-100-bawelna","14":"pa_nadruk-duzy-nadruk-na-klatce-piersiowej","15":"pa_rozmiar-l","16":"pa_rozmiar-m","17":"pa_rozmiar-s","18":"pa_rozmiar-xl","19":"pa_rozmiar-xxl","20":"pa_rozmiar-xxxl","22":"first","23":"instock","24":"taxable","25":"shipping-taxable","26":"purchasable","27":"product-type-variable"},"acf":[],"_links":{"self":[{"href":"https:\/\/pgwear.net\/pl\/wp-json\/wp\/v2\/product\/25726","targetHints":{"allow":["GET"]}}],"collection":[{"href":"https:\/\/pgwear.net\/pl\/wp-json\/wp\/v2\/product"}],"about":[{"href":"https:\/\/pgwear.net\/pl\/wp-json\/wp\/v2\/types\/product"}],"wp:featuredmedia":[{"embeddable":true,"href":"https:\/\/pgwear.net\/pl\/wp-json\/wp\/v2\/media\/26224"}],"wp:attachment":[{"href":"https:\/\/pgwear.net\/pl\/wp-json\/wp\/v2\/media?parent=25726"}],"wp:term":[{"taxonomy":"product_brand","embeddable":true,"href":"https:\/\/pgwear.net\/pl\/wp-json\/wp\/v2\/product_brand?post=25726"},{"taxonomy":"product_cat","embeddable":true,"href":"https:\/\/pgwear.net\/pl\/wp-json\/wp\/v2\/product_cat?post=25726"},{"taxonomy":"product_tag","embeddable":true,"href":"https:\/\/pgwear.net\/pl\/wp-json\/wp\/v2\/product_tag?post=25726"}],"curies":[{"name":"wp","href":"https:\/\/api.w.org\/{rel}","templated":true}]}}