{"id":32512,"date":"2022-09-13T12:09:37","date_gmt":"2022-09-13T10:09:37","guid":{"rendered":"https:\/\/pgwear.net\/p\/aw22se-t-shirt-13-12-day\/"},"modified":"2026-03-23T12:34:30","modified_gmt":"2026-03-23T11:34:30","slug":"aw22se-t-shirt-13-12-day","status":"publish","type":"product","link":"https:\/\/pgwear.net\/pl\/p\/aw22se-t-shirt-13-12-day\/","title":{"rendered":"T-shirt &#8220;13.12 day&#8221;"},"content":{"rendered":"<p>Ka\u017cdy ultras, chuligan czy fanatyk pi\u0142ki no\u017cnej ma wroga, kt\u00f3ry jest wi\u0119kszy ni\u017c wszyscy inny, s\u0105 to oczywi\u015bcie ACAB! Z okazji Mi\u0119dzynarodowego Dnia ACAB, PGWEAR ULTRAS SHOP stworzy\u0142 jedyn\u0105 w swoim rodzaju koszulk\u0119, kt\u00f3r\u0105 mo\u017cesz nosi\u0107 dumnie ka\u017cdego dnia zar\u00f3wno na ulicy jak i na stadionie i nie tylko 13.12!<\/p>\n","protected":false},"excerpt":{"rendered":"<p>Ka\u017cdy ultras, chuligan czy fanatyk pi\u0142ki no\u017cnej ma wroga, kt\u00f3ry jest wi\u0119kszy ni\u017c wszyscy inny, s\u0105 to oczywi\u015bcie ACAB!<\/p>\n","protected":false},"featured_media":51978,"template":"","meta":{"_acf_changed":false},"product_brand":[],"product_cat":[376,372],"product_tag":[],"class_list":{"0":"post-32512","1":"product","2":"type-product","3":"status-publish","4":"has-post-thumbnail","6":"product_cat-nowosci","7":"product_cat-t-shirty","8":"pa_gramatura-180-gr-m2","9":"pa_kolor-czarny","10":"pa_kroj-klasyczny","11":"pa_material-100-bawelna","12":"pa_nadruk-duzy-nadruk-na-plecach","13":"pa_nadruk-nadruk-na-sercu","14":"pa_rozmiar-l","15":"pa_rozmiar-m","16":"pa_rozmiar-s","17":"pa_rozmiar-xl","18":"pa_rozmiar-xxl","19":"pa_rozmiar-xxxl","20":"feature-2211","21":"feature-burning-car","23":"first","24":"instock","25":"taxable","26":"shipping-taxable","27":"purchasable","28":"product-type-variable"},"acf":[],"_links":{"self":[{"href":"https:\/\/pgwear.net\/pl\/wp-json\/wp\/v2\/product\/32512","targetHints":{"allow":["GET"]}}],"collection":[{"href":"https:\/\/pgwear.net\/pl\/wp-json\/wp\/v2\/product"}],"about":[{"href":"https:\/\/pgwear.net\/pl\/wp-json\/wp\/v2\/types\/product"}],"wp:featuredmedia":[{"embeddable":true,"href":"https:\/\/pgwear.net\/pl\/wp-json\/wp\/v2\/media\/51978"}],"wp:attachment":[{"href":"https:\/\/pgwear.net\/pl\/wp-json\/wp\/v2\/media?parent=32512"}],"wp:term":[{"taxonomy":"product_brand","embeddable":true,"href":"https:\/\/pgwear.net\/pl\/wp-json\/wp\/v2\/product_brand?post=32512"},{"taxonomy":"product_cat","embeddable":true,"href":"https:\/\/pgwear.net\/pl\/wp-json\/wp\/v2\/product_cat?post=32512"},{"taxonomy":"product_tag","embeddable":true,"href":"https:\/\/pgwear.net\/pl\/wp-json\/wp\/v2\/product_tag?post=32512"}],"curies":[{"name":"wp","href":"https:\/\/api.w.org\/{rel}","templated":true}]}}