{"id":32519,"date":"2022-09-13T12:09:40","date_gmt":"2022-09-13T10:09:40","guid":{"rendered":"https:\/\/pgwear.net\/p\/aw22se-full-face-hoodie-13-12-day\/"},"modified":"2026-04-13T14:48:36","modified_gmt":"2026-04-13T12:48:36","slug":"aw22se-full-face-hoodie-13-12-day","status":"publish","type":"product","link":"https:\/\/pgwear.net\/pl\/p\/aw22se-full-face-hoodie-13-12-day\/","title":{"rendered":"Bluza z kominiark\u0105 &#8220;13.12 day&#8221;"},"content":{"rendered":"<p>Ka\u017cdy ultras, chuligan czy fanatyk pi\u0142ki no\u017cnej ma wroga, kt\u00f3ry jest wi\u0119kszy ni\u017c wszyscy inny, s\u0105 to oczywi\u015bcie ACAB! Z okazji Mi\u0119dzynarodowego Dnia ACAB, PGWEAR ULTRAS SHOP stworzy\u0142 jedyn\u0105 w swoim rodzaju bluz\u0119, kt\u00f3r\u0105 mo\u017cesz nosi\u0107 dumnie ka\u017cdego dnia zar\u00f3wno na ulicy jak i na stadionie i nie tylko 13.12!<\/p>\n","protected":false},"excerpt":{"rendered":"<p>Ka\u017cdy ultras, chuligan czy fanatyk pi\u0142ki no\u017cnej ma wroga, kt\u00f3ry jest wi\u0119kszy ni\u017c wszyscy inny, s\u0105 to oczywi\u015bcie ACAB!<\/p>\n","protected":false},"featured_media":51993,"template":"","meta":{"_acf_changed":false},"product_brand":[],"product_cat":[371,3490,3493,376],"product_tag":[],"class_list":{"0":"post-32519","1":"product","2":"type-product","3":"status-publish","4":"has-post-thumbnail","6":"product_cat-bluzy","7":"product_cat-bluzy-z-kapturem","8":"product_cat-bluzy-z-kominiarka","9":"product_cat-nowosci","10":"pa_gramatura-340-gr-m2","11":"pa_kolor-czarny","12":"pa_kroj-klasyczny","13":"pa_material-100-bawelna","14":"pa_nadruk-duzy-nadruk-na-plecach","15":"pa_nadruk-nadruk-na-sercu","16":"pa_rozmiar-l","17":"pa_rozmiar-m","18":"pa_rozmiar-s","19":"pa_rozmiar-xl","20":"pa_rozmiar-xxl","21":"pa_rozmiar-xxxl","22":"feature-2211","23":"feature-burning-car","25":"first","26":"instock","27":"taxable","28":"shipping-taxable","29":"purchasable","30":"product-type-variable"},"acf":[],"_links":{"self":[{"href":"https:\/\/pgwear.net\/pl\/wp-json\/wp\/v2\/product\/32519","targetHints":{"allow":["GET"]}}],"collection":[{"href":"https:\/\/pgwear.net\/pl\/wp-json\/wp\/v2\/product"}],"about":[{"href":"https:\/\/pgwear.net\/pl\/wp-json\/wp\/v2\/types\/product"}],"wp:featuredmedia":[{"embeddable":true,"href":"https:\/\/pgwear.net\/pl\/wp-json\/wp\/v2\/media\/51993"}],"wp:attachment":[{"href":"https:\/\/pgwear.net\/pl\/wp-json\/wp\/v2\/media?parent=32519"}],"wp:term":[{"taxonomy":"product_brand","embeddable":true,"href":"https:\/\/pgwear.net\/pl\/wp-json\/wp\/v2\/product_brand?post=32519"},{"taxonomy":"product_cat","embeddable":true,"href":"https:\/\/pgwear.net\/pl\/wp-json\/wp\/v2\/product_cat?post=32519"},{"taxonomy":"product_tag","embeddable":true,"href":"https:\/\/pgwear.net\/pl\/wp-json\/wp\/v2\/product_tag?post=32519"}],"curies":[{"name":"wp","href":"https:\/\/api.w.org\/{rel}","templated":true}]}}