{"id":33643,"date":"2022-09-22T11:26:48","date_gmt":"2022-09-22T09:26:48","guid":{"rendered":"https:\/\/pgwear.net\/p\/ss23-recznik-avanti-ultras\/"},"modified":"2026-03-27T12:43:27","modified_gmt":"2026-03-27T11:43:27","slug":"ss23-recznik-avanti-ultras","status":"publish","type":"product","link":"https:\/\/pgwear.net\/pl\/p\/ss23-recznik-avanti-ultras\/","title":{"rendered":"R\u0119cznik &#8220;Avanti Ultras&#8221;"},"content":{"rendered":"<p>Urlop w stylu Ultras? Z PGWEAR ULTRAS SHOP jest to mo\u017cliwe! Skompletuj sw\u00f3j w\u0142asny, niepowtarzalny zestaw akcesori\u00f3w na wakacyjny wyjazd! Koniec z g\u0142upimi hawajskimi motywami- tylko stylowe rzeczy od PGWEAR! Chwy\u0107 ten r\u0119cznik i ciesz si\u0119 urlopem na pla\u017cy \ud83d\ude09<\/p>\n","protected":false},"excerpt":{"rendered":"<p>Urlop w stylu Ultras? Z PGWEAR ULTRAS SHOP jest to mo\u017cliwe! Skompletuj sw\u00f3j w\u0142asny, niepowtarzalny zestaw akcesori\u00f3w na wakacyjny wyjazd! Koniec z g\u0142upimi hawajskimi motywami- tylko stylowe rzeczy od PGWEAR! Chwy\u0107 ten r\u0119cznik i ciesz si\u0119 urlopem na pla\u017cy \ud83d\ude09<\/p>\n","protected":false},"featured_media":56843,"template":"","meta":{"_acf_changed":false},"product_brand":[],"product_cat":[375,376,3520],"product_tag":[2140,3614,1863],"class_list":{"0":"post-33643","1":"product","2":"type-product","3":"status-publish","4":"has-post-thumbnail","6":"product_cat-akcesoria","7":"product_cat-nowosci","8":"product_cat-reczniki","9":"product_tag-copacabana","10":"product_tag-summer-capsule","11":"product_tag-wiosna-lato-2023","12":"pa_kolekcja-wiosna-lato-2023","13":"pa_kolor-czarny-czerwony","14":"pa_material-100-bawelna-tyl","15":"pa_material-100-poliester-przod","16":"pa_nadruk-nadruk-na-calej-powierzchni","17":"feature-motyw-kominiarki","18":"feature-napis-ultras","19":"feature-recznik","21":"first","22":"instock","23":"taxable","24":"shipping-taxable","25":"purchasable","26":"product-type-simple"},"acf":[],"_links":{"self":[{"href":"https:\/\/pgwear.net\/pl\/wp-json\/wp\/v2\/product\/33643","targetHints":{"allow":["GET"]}}],"collection":[{"href":"https:\/\/pgwear.net\/pl\/wp-json\/wp\/v2\/product"}],"about":[{"href":"https:\/\/pgwear.net\/pl\/wp-json\/wp\/v2\/types\/product"}],"wp:featuredmedia":[{"embeddable":true,"href":"https:\/\/pgwear.net\/pl\/wp-json\/wp\/v2\/media\/56843"}],"wp:attachment":[{"href":"https:\/\/pgwear.net\/pl\/wp-json\/wp\/v2\/media?parent=33643"}],"wp:term":[{"taxonomy":"product_brand","embeddable":true,"href":"https:\/\/pgwear.net\/pl\/wp-json\/wp\/v2\/product_brand?post=33643"},{"taxonomy":"product_cat","embeddable":true,"href":"https:\/\/pgwear.net\/pl\/wp-json\/wp\/v2\/product_cat?post=33643"},{"taxonomy":"product_tag","embeddable":true,"href":"https:\/\/pgwear.net\/pl\/wp-json\/wp\/v2\/product_tag?post=33643"}],"curies":[{"name":"wp","href":"https:\/\/api.w.org\/{rel}","templated":true}]}}