{"id":33645,"date":"2022-09-22T11:26:48","date_gmt":"2022-09-22T09:26:48","guid":{"rendered":"https:\/\/pgwear.net\/p\/ss23-flaga-against-modern-football\/"},"modified":"2026-03-27T12:43:27","modified_gmt":"2026-03-27T11:43:27","slug":"ss23-flaga-against-modern-football","status":"publish","type":"product","link":"https:\/\/pgwear.net\/pl\/p\/ss23-flaga-against-modern-football\/","title":{"rendered":"Flaga &#8220;Against Modern Football&#8221;"},"content":{"rendered":"<p>Pi\u0142ka no\u017cna zmieni\u0142a si\u0119 ca\u0142kowicie w ci\u0105gu ostatnich kilku dekad! PGWEAR nawo\u0142uje do powrotu do korzeni, sk\u0105d wywodz\u0105 si\u0119 najpi\u0119kniejsze i najprawdziwsze warto\u015bci tej gry! Jeste\u015bmy PRZECIWKO NOWOCZESNEJ PI\u0141CE NO\u017bNEJ! Rozpowszechniajcie t\u0119 ide\u0119 z nasz\u0105 flag\u0105 na ca\u0142ym \u015bwiecie i na ka\u017cdym stadionie!<\/p>\n","protected":false},"excerpt":{"rendered":"<p>Pi\u0142ka no\u017cna zmieni\u0142a si\u0119 ca\u0142kowicie w ci\u0105gu ostatnich kilku dekad! PGWEAR nawo\u0142uje do powrotu do korzeni, sk\u0105d wywodz\u0105 si\u0119 najpi\u0119kniejsze i najprawdziwsze warto\u015bci tej gry! Jeste\u015bmy PRZECIWKO NOWOCZESNEJ PI\u0141CE NO\u017bNEJ! Rozpowszechniajcie t\u0119 ide\u0119 z nasz\u0105 flag\u0105 na ca\u0142ym \u015bwiecie i na ka\u017cdym stadionie!<\/p>\n","protected":false},"featured_media":56687,"template":"","meta":{"_acf_changed":false},"product_brand":[],"product_cat":[375,3516,376],"product_tag":[1863],"class_list":{"0":"post-33645","1":"product","2":"type-product","3":"status-publish","4":"has-post-thumbnail","6":"product_cat-akcesoria","7":"product_cat-flagi","8":"product_cat-nowosci","9":"product_tag-wiosna-lato-2023","10":"pa_kolekcja-wiosna-lato-2023","11":"pa_kolor-czarny","12":"pa_material-100-poliester","13":"pa_nadruk-nadruk-na-calej-powierzchni","14":"feature-against-modern-football","15":"feature-flaga","16":"feature-motyw-pilki","18":"first","19":"instock","20":"taxable","21":"shipping-taxable","22":"purchasable","23":"product-type-simple"},"acf":[],"_links":{"self":[{"href":"https:\/\/pgwear.net\/pl\/wp-json\/wp\/v2\/product\/33645","targetHints":{"allow":["GET"]}}],"collection":[{"href":"https:\/\/pgwear.net\/pl\/wp-json\/wp\/v2\/product"}],"about":[{"href":"https:\/\/pgwear.net\/pl\/wp-json\/wp\/v2\/types\/product"}],"wp:featuredmedia":[{"embeddable":true,"href":"https:\/\/pgwear.net\/pl\/wp-json\/wp\/v2\/media\/56687"}],"wp:attachment":[{"href":"https:\/\/pgwear.net\/pl\/wp-json\/wp\/v2\/media?parent=33645"}],"wp:term":[{"taxonomy":"product_brand","embeddable":true,"href":"https:\/\/pgwear.net\/pl\/wp-json\/wp\/v2\/product_brand?post=33645"},{"taxonomy":"product_cat","embeddable":true,"href":"https:\/\/pgwear.net\/pl\/wp-json\/wp\/v2\/product_cat?post=33645"},{"taxonomy":"product_tag","embeddable":true,"href":"https:\/\/pgwear.net\/pl\/wp-json\/wp\/v2\/product_tag?post=33645"}],"curies":[{"name":"wp","href":"https:\/\/api.w.org\/{rel}","templated":true}]}}