{"id":33653,"date":"2022-09-22T11:26:49","date_gmt":"2022-09-22T09:26:49","guid":{"rendered":"https:\/\/pgwear.net\/p\/ss23-czapka-rybaczka-safari-olive\/"},"modified":"2026-03-17T10:53:11","modified_gmt":"2026-03-17T09:53:11","slug":"ss23-czapka-rybaczka-safari-olive","status":"publish","type":"product","link":"https:\/\/pgwear.net\/pl\/p\/ss23-czapka-rybaczka-safari-olive\/","title":{"rendered":"Czapka rybaczka &#8220;Safari&#8221; Grey"},"content":{"rendered":"<p>Absolutny ultra dodatek ostatnich lat! Czapka rybaczka od PGWEAR ULTRAS SHOP! Zakryj odpowiednio g\u0142ow\u0119 zar\u00f3wno na ulicy jak i na stadionie! Produkt wykonany z wytrzyma\u0142ego i wodoodpornego materia\u0142u DRYTEX. Dost\u0119pny w trzech kolorach!<\/p>\n","protected":false},"excerpt":{"rendered":"<p>Absolutny ultra dodatek ostatnich lat! Czapka rybaczka od PGWEAR ULTRAS SHOP! Zakryj odpowiednio g\u0142ow\u0119 zar\u00f3wno na ulicy jak i na stadionie! Produkt wykonany z wytrzyma\u0142ego i wodoodpornego materia\u0142u DRYTEX. Dost\u0119pny w trzech kolorach!<\/p>\n","protected":false},"featured_media":56876,"template":"","meta":{"_acf_changed":false},"product_brand":[],"product_cat":[374,376,3509],"product_tag":[2837],"class_list":{"0":"post-33653","1":"product","2":"type-product","3":"status-publish","4":"has-post-thumbnail","6":"product_cat-czapki","7":"product_cat-nowosci","8":"product_cat-rybaczki","9":"product_tag-sale","10":"pa_gramatura-180-gr-m2","11":"pa_kolekcja-wiosna-lato-2023","12":"pa_kolor-szary","13":"pa_material-100-poliester","14":"feature-rybaczka","15":"feature-wodoodporny","17":"first","18":"instock","19":"sale","20":"taxable","21":"shipping-taxable","22":"purchasable","23":"product-type-simple"},"acf":[],"_links":{"self":[{"href":"https:\/\/pgwear.net\/pl\/wp-json\/wp\/v2\/product\/33653","targetHints":{"allow":["GET"]}}],"collection":[{"href":"https:\/\/pgwear.net\/pl\/wp-json\/wp\/v2\/product"}],"about":[{"href":"https:\/\/pgwear.net\/pl\/wp-json\/wp\/v2\/types\/product"}],"wp:featuredmedia":[{"embeddable":true,"href":"https:\/\/pgwear.net\/pl\/wp-json\/wp\/v2\/media\/56876"}],"wp:attachment":[{"href":"https:\/\/pgwear.net\/pl\/wp-json\/wp\/v2\/media?parent=33653"}],"wp:term":[{"taxonomy":"product_brand","embeddable":true,"href":"https:\/\/pgwear.net\/pl\/wp-json\/wp\/v2\/product_brand?post=33653"},{"taxonomy":"product_cat","embeddable":true,"href":"https:\/\/pgwear.net\/pl\/wp-json\/wp\/v2\/product_cat?post=33653"},{"taxonomy":"product_tag","embeddable":true,"href":"https:\/\/pgwear.net\/pl\/wp-json\/wp\/v2\/product_tag?post=33653"}],"curies":[{"name":"wp","href":"https:\/\/api.w.org\/{rel}","templated":true}]}}