{"id":33688,"date":"2022-09-22T11:26:57","date_gmt":"2022-09-22T09:26:57","guid":{"rendered":"https:\/\/pgwear.net\/p\/ss23-spodenki-cargo-squad-black\/"},"modified":"2026-04-08T12:48:17","modified_gmt":"2026-04-08T10:48:17","slug":"ss23-spodenki-cargo-squad-black","status":"publish","type":"product","link":"https:\/\/pgwear.net\/pl\/p\/ss23-spodenki-cargo-squad-black\/","title":{"rendered":"Spodenki Cargo &#8220;Squad II&#8221; Black"},"content":{"rendered":"<p>Te kr\u00f3tkie, minimalistyczne i lekkie bawe\u0142niane spodenki to idealny wyb\u00f3r na gor\u0105ce letnie dni, kiedy jeste\u015b w wielogodzinnej podr\u00f3\u017cy na mecz wyjazdowy ze swoimi lojalnymi przyjaci\u00f3\u0142mi. Najwy\u017cszy komfort noszenia oraz styl gwarantowany! Produkt dost\u0119pny w czterech wersjach kolorystycznych!<\/p>\n","protected":false},"excerpt":{"rendered":"<p>Te kr\u00f3tkie, minimalistyczne i lekkie bawe\u0142niane spodenki to idealny wyb\u00f3r na gor\u0105ce letnie dni, kiedy jeste\u015b w wielogodzinnej podr\u00f3\u017cy na mecz wyjazdowy ze swoimi lojalnymi przyjaci\u00f3\u0142mi.<\/p>\n","protected":false},"featured_media":56950,"template":"","meta":{"_acf_changed":false},"product_brand":[],"product_cat":[3506,376,369],"product_tag":[1863,2789],"class_list":{"0":"post-33688","1":"product","2":"type-product","3":"status-publish","4":"has-post-thumbnail","6":"product_cat-cargo-2","7":"product_cat-nowosci","8":"product_cat-spodenki","9":"product_tag-wiosna-lato-2023","10":"product_tag-wiosna-lato-2024","11":"pa_gramatura-240-gr-m2","12":"pa_kolekcja-wiosna-lato-2023","13":"pa_kolor-czarny","14":"pa_material-2-elastan","15":"pa_material-98-bawelna","16":"pa_rozmiar-l","17":"pa_rozmiar-m","18":"pa_rozmiar-s","19":"pa_rozmiar-xl","20":"pa_rozmiar-xxl","21":"pa_rozmiar-xxxl","22":"feature-bojowki","24":"first","25":"instock","26":"taxable","27":"shipping-taxable","28":"purchasable","29":"product-type-variable"},"acf":[],"_links":{"self":[{"href":"https:\/\/pgwear.net\/pl\/wp-json\/wp\/v2\/product\/33688","targetHints":{"allow":["GET"]}}],"collection":[{"href":"https:\/\/pgwear.net\/pl\/wp-json\/wp\/v2\/product"}],"about":[{"href":"https:\/\/pgwear.net\/pl\/wp-json\/wp\/v2\/types\/product"}],"wp:featuredmedia":[{"embeddable":true,"href":"https:\/\/pgwear.net\/pl\/wp-json\/wp\/v2\/media\/56950"}],"wp:attachment":[{"href":"https:\/\/pgwear.net\/pl\/wp-json\/wp\/v2\/media?parent=33688"}],"wp:term":[{"taxonomy":"product_brand","embeddable":true,"href":"https:\/\/pgwear.net\/pl\/wp-json\/wp\/v2\/product_brand?post=33688"},{"taxonomy":"product_cat","embeddable":true,"href":"https:\/\/pgwear.net\/pl\/wp-json\/wp\/v2\/product_cat?post=33688"},{"taxonomy":"product_tag","embeddable":true,"href":"https:\/\/pgwear.net\/pl\/wp-json\/wp\/v2\/product_tag?post=33688"}],"curies":[{"name":"wp","href":"https:\/\/api.w.org\/{rel}","templated":true}]}}