{"id":33716,"date":"2022-09-22T11:27:01","date_gmt":"2022-09-22T09:27:01","guid":{"rendered":"https:\/\/pgwear.net\/p\/ss23-spodenki-flow-navy\/"},"modified":"2026-03-19T10:45:12","modified_gmt":"2026-03-19T09:45:12","slug":"ss23-spodenki-flow-navy","status":"publish","type":"product","link":"https:\/\/pgwear.net\/pl\/p\/ss23-spodenki-flow-navy\/","title":{"rendered":"Spodenki &#8220;Flow&#8221; Navy"},"content":{"rendered":"<p>Najlepsze i najbardziej funkcjonalne spodnie dla fan\u00f3w pi\u0142ki no\u017cnej to po prostu boj\u00f3wki! Dzi\u0119ki nim b\u0119dziesz mia\u0142 zawsze ze sob\u0105 najwa\u017cniejsze rzeczy oraz doskonale zaprezentujesz si\u0119 zar\u00f3wno na ulicy, jak i na stadionie!<\/p>\n","protected":false},"excerpt":{"rendered":"<p>Najlepsze i najbardziej funkcjonalne spodnie dla fan\u00f3w pi\u0142ki no\u017cnej to po prostu boj\u00f3wki!<\/p>\n","protected":false},"featured_media":57026,"template":"","meta":{"_acf_changed":false},"product_brand":[],"product_cat":[376,369],"product_tag":[3277,2837],"class_list":{"0":"post-33716","1":"product","2":"type-product","3":"status-publish","4":"has-post-thumbnail","6":"product_cat-nowosci","7":"product_cat-spodenki","8":"product_tag-ostatnie-sztuki","9":"product_tag-sale","10":"pa_gramatura-290-gr-m2","11":"pa_kolekcja-wiosna-lato-2023","12":"pa_kolor-granatowy","13":"pa_kroj-klasyczny","14":"pa_material-100-bawelna","15":"pa_rozmiar-l","16":"pa_rozmiar-m","17":"pa_rozmiar-s","18":"pa_rozmiar-xl","19":"pa_rozmiar-xxl","20":"pa_rozmiar-xxxl","21":"feature-bojowki","23":"first","24":"instock","25":"sale","26":"taxable","27":"shipping-taxable","28":"purchasable","29":"product-type-variable"},"acf":[],"_links":{"self":[{"href":"https:\/\/pgwear.net\/pl\/wp-json\/wp\/v2\/product\/33716","targetHints":{"allow":["GET"]}}],"collection":[{"href":"https:\/\/pgwear.net\/pl\/wp-json\/wp\/v2\/product"}],"about":[{"href":"https:\/\/pgwear.net\/pl\/wp-json\/wp\/v2\/types\/product"}],"wp:featuredmedia":[{"embeddable":true,"href":"https:\/\/pgwear.net\/pl\/wp-json\/wp\/v2\/media\/57026"}],"wp:attachment":[{"href":"https:\/\/pgwear.net\/pl\/wp-json\/wp\/v2\/media?parent=33716"}],"wp:term":[{"taxonomy":"product_brand","embeddable":true,"href":"https:\/\/pgwear.net\/pl\/wp-json\/wp\/v2\/product_brand?post=33716"},{"taxonomy":"product_cat","embeddable":true,"href":"https:\/\/pgwear.net\/pl\/wp-json\/wp\/v2\/product_cat?post=33716"},{"taxonomy":"product_tag","embeddable":true,"href":"https:\/\/pgwear.net\/pl\/wp-json\/wp\/v2\/product_tag?post=33716"}],"curies":[{"name":"wp","href":"https:\/\/api.w.org\/{rel}","templated":true}]}}